{"id":157654,"date":"2024-03-13T16:33:51","date_gmt":"2024-03-13T16:33:51","guid":{"rendered":"https:\/\/doitbetter.pt\/where-are-we\/"},"modified":"2024-03-14T09:54:32","modified_gmt":"2024-03-14T09:54:32","slug":"where-are-we","status":"publish","type":"page","link":"https:\/\/dibsite.sa-server.com\/en\/where-are-we\/","title":{"rendered":"Where are we"},"content":{"rendered":"\t\t<div data-elementor-type=\"wp-page\" data-elementor-id=\"157654\" class=\"elementor elementor-157654 elementor-156353\" data-elementor-post-type=\"page\">\n\t\t\t\t\t\t<section class=\"elementor-section elementor-top-section elementor-element elementor-element-7dc62d4 elementor-section-boxed elementor-section-height-default elementor-section-height-default\" data-id=\"7dc62d4\" data-element_type=\"section\" data-e-type=\"section\">\n\t\t\t\t\t\t<div class=\"elementor-container elementor-column-gap-default\">\n\t\t\t\t\t<div class=\"elementor-column elementor-col-100 elementor-top-column elementor-element elementor-element-736b8a1\" data-id=\"736b8a1\" data-element_type=\"column\" data-e-type=\"column\">\n\t\t\t<div class=\"elementor-widget-wrap elementor-element-populated\">\n\t\t\t\t\t\t<div class=\"elementor-element elementor-element-b7fc20a elementor-widget__width-initial elementor-widget-mobile__width-initial elementor-widget elementor-widget-thim-google-map\" data-id=\"b7fc20a\" data-element_type=\"widget\" data-e-type=\"widget\" data-widget_type=\"thim-google-map.default\">\n\t\t\t\t<div class=\"elementor-widget-container\">\n\t\t\t\t\t<h3 class=\"widget-title\">Almada<\/h3><div class=\"thim-map-iframe\" style =\"height: 350px\"><iframe frameborder=\"0\" scrolling=\"no\" marginheight=\"0\" marginwidth=\"0\" src=\"https:\/\/maps.google.com\/maps?q=Av.%2023%20de%20Julho%20Vitoria%20Liberal%20361%2C%202810-291%20Laranjeiro&amp;t=m&amp;z=15&amp;output=embed&amp;iwloc=near\" title=\"Av. 23 de Julho Vitoria Liberal 361, 2810-291 Laranjeiro\" aria-label=\"Av. 23 de Julho Vitoria Liberal 361, 2810-291 Laranjeiro\"><\/iframe><\/div>\n\t\t\t\t<\/div>\n\t\t\t\t<\/div>\n\t\t\t\t<div class=\"elementor-element elementor-element-d3c7e04 elementor-widget-mobile__width-initial elementor-widget elementor-widget-thim-google-map\" data-id=\"d3c7e04\" data-element_type=\"widget\" data-e-type=\"widget\" data-widget_type=\"thim-google-map.default\">\n\t\t\t\t<div class=\"elementor-widget-container\">\n\t\t\t\t\t<h3 class=\"widget-title\">Alverca<\/h3><div class=\"thim-map-iframe\" style =\"height: 350px\"><iframe frameborder=\"0\" scrolling=\"no\" marginheight=\"0\" marginwidth=\"0\" src=\"https:\/\/maps.google.com\/maps?q=R.%20Jos%C3%A9%20Antunes%2017%2C%202615-108%20Alverca%20do%20Ribatejo&amp;t=m&amp;z=15&amp;output=embed&amp;iwloc=near\" title=\"R. Jos\u00e9 Antunes 17, 2615-108 Alverca do Ribatejo\" aria-label=\"R. Jos\u00e9 Antunes 17, 2615-108 Alverca do Ribatejo\"><\/iframe><\/div>\n\t\t\t\t<\/div>\n\t\t\t\t<\/div>\n\t\t\t\t<div class=\"elementor-element elementor-element-f112163 elementor-widget-mobile__width-initial elementor-widget elementor-widget-thim-google-map\" data-id=\"f112163\" data-element_type=\"widget\" data-e-type=\"widget\" data-widget_type=\"thim-google-map.default\">\n\t\t\t\t<div class=\"elementor-widget-container\">\n\t\t\t\t\t<h3 class=\"widget-title\">Amadora<\/h3><div class=\"thim-map-iframe\" style =\"height: 350px\"><iframe frameborder=\"0\" scrolling=\"no\" marginheight=\"0\" marginwidth=\"0\" src=\"https:\/\/maps.google.com\/maps?q=R.%20Elias%20Garcia%20446%2C%202700-341%20Amadora&amp;t=m&amp;z=15&amp;output=embed&amp;iwloc=near\" title=\"R. Elias Garcia 446, 2700-341 Amadora\" aria-label=\"R. Elias Garcia 446, 2700-341 Amadora\"><\/iframe><\/div>\n\t\t\t\t<\/div>\n\t\t\t\t<\/div>\n\t\t\t\t<div class=\"elementor-element elementor-element-dd37e4c elementor-widget-mobile__width-initial elementor-widget elementor-widget-thim-google-map\" data-id=\"dd37e4c\" data-element_type=\"widget\" data-e-type=\"widget\" data-widget_type=\"thim-google-map.default\">\n\t\t\t\t<div class=\"elementor-widget-container\">\n\t\t\t\t\t<h3 class=\"widget-title\">Braga<\/h3><div class=\"thim-map-iframe\" style =\"height: 350px\"><iframe frameborder=\"0\" scrolling=\"no\" marginheight=\"0\" marginwidth=\"0\" src=\"https:\/\/maps.google.com\/maps?q=Av.%20Central%2033%20Loja%20222%2C%204710-229%20Braga&amp;t=m&amp;z=15&amp;output=embed&amp;iwloc=near\" title=\"Av. Central 33 Loja 222, 4710-229 Braga\" aria-label=\"Av. Central 33 Loja 222, 4710-229 Braga\"><\/iframe><\/div>\n\t\t\t\t<\/div>\n\t\t\t\t<\/div>\n\t\t\t\t<div class=\"elementor-element elementor-element-abd5c0f elementor-widget__width-initial elementor-widget-mobile__width-initial elementor-widget elementor-widget-thim-google-map\" data-id=\"abd5c0f\" data-element_type=\"widget\" data-e-type=\"widget\" data-widget_type=\"thim-google-map.default\">\n\t\t\t\t<div class=\"elementor-widget-container\">\n\t\t\t\t\t<h3 class=\"widget-title\">Coimbra<\/h3><div class=\"thim-map-iframe\" style =\"height: 350px\"><iframe frameborder=\"0\" scrolling=\"no\" marginheight=\"0\" marginwidth=\"0\" src=\"https:\/\/maps.google.com\/maps?q=Av.%20Fern%C3%A3o%20Magalh%C3%A3es%20n%C2%BA%20508%201%C2%BA%20andar%203000-173%20Coimbra&amp;t=m&amp;z=15&amp;output=embed&amp;iwloc=near\" title=\"Av. Fern\u00e3o Magalh\u00e3es n\u00ba 508 1\u00ba andar 3000-173 Coimbra\" aria-label=\"Av. Fern\u00e3o Magalh\u00e3es n\u00ba 508 1\u00ba andar 3000-173 Coimbra\"><\/iframe><\/div>\n\t\t\t\t<\/div>\n\t\t\t\t<\/div>\n\t\t\t\t<div class=\"elementor-element elementor-element-9b6877d elementor-widget-mobile__width-initial elementor-widget elementor-widget-thim-google-map\" data-id=\"9b6877d\" data-element_type=\"widget\" data-e-type=\"widget\" data-widget_type=\"thim-google-map.default\">\n\t\t\t\t<div class=\"elementor-widget-container\">\n\t\t\t\t\t<h3 class=\"widget-title\">Faro<\/h3><div class=\"thim-map-iframe\" style =\"height: 350px\"><iframe frameborder=\"0\" scrolling=\"no\" marginheight=\"0\" marginwidth=\"0\" src=\"https:\/\/maps.google.com\/maps?q=R.%20Gen.%20Teofilo%20da%20Trindade%2011%2C%208000-235%20Faro&amp;t=m&amp;z=15&amp;output=embed&amp;iwloc=near\" title=\"R. Gen. Teofilo da Trindade 11, 8000-235 Faro\" aria-label=\"R. Gen. Teofilo da Trindade 11, 8000-235 Faro\"><\/iframe><\/div>\n\t\t\t\t<\/div>\n\t\t\t\t<\/div>\n\t\t\t\t<div class=\"elementor-element elementor-element-b8198a6 elementor-widget-mobile__width-initial elementor-widget elementor-widget-thim-google-map\" data-id=\"b8198a6\" data-element_type=\"widget\" data-e-type=\"widget\" data-widget_type=\"thim-google-map.default\">\n\t\t\t\t<div class=\"elementor-widget-container\">\n\t\t\t\t\t<h3 class=\"widget-title\">Funchal<\/h3><div class=\"thim-map-iframe\" style =\"height: 350px\"><iframe frameborder=\"0\" scrolling=\"no\" marginheight=\"0\" marginwidth=\"0\" src=\"https:\/\/maps.google.com\/maps?q=Sitio%20dos%20Piornais%2C%20Frac%C3%A3o%20A%2C%20R%2FC%2C%209000-122%20Funchal&amp;t=m&amp;z=15&amp;output=embed&amp;iwloc=near\" title=\"Sitio dos Piornais, Frac\u00e3o A, R\/C, 9000-122 Funchal\" aria-label=\"Sitio dos Piornais, Frac\u00e3o A, R\/C, 9000-122 Funchal\"><\/iframe><\/div>\n\t\t\t\t<\/div>\n\t\t\t\t<\/div>\n\t\t\t\t<div class=\"elementor-element elementor-element-8acc2c0 elementor-widget-mobile__width-initial elementor-widget elementor-widget-thim-google-map\" data-id=\"8acc2c0\" data-element_type=\"widget\" data-e-type=\"widget\" data-widget_type=\"thim-google-map.default\">\n\t\t\t\t<div class=\"elementor-widget-container\">\n\t\t\t\t\t<h3 class=\"widget-title\">Lisboa<\/h3><div class=\"thim-map-iframe\" style =\"height: 350px\"><iframe frameborder=\"0\" scrolling=\"no\" marginheight=\"0\" marginwidth=\"0\" src=\"https:\/\/maps.google.com\/maps?q=Av.%20Alm.%20Reis%2091%2C%201150-013%20Lisboa&amp;t=m&amp;z=15&amp;output=embed&amp;iwloc=near\" title=\"Av. Alm. Reis 91, 1150-013 Lisboa\" aria-label=\"Av. Alm. Reis 91, 1150-013 Lisboa\"><\/iframe><\/div>\n\t\t\t\t<\/div>\n\t\t\t\t<\/div>\n\t\t\t\t<div class=\"elementor-element elementor-element-f591405 elementor-widget-mobile__width-initial elementor-widget elementor-widget-thim-google-map\" data-id=\"f591405\" data-element_type=\"widget\" data-e-type=\"widget\" data-widget_type=\"thim-google-map.default\">\n\t\t\t\t<div class=\"elementor-widget-container\">\n\t\t\t\t\t<h3 class=\"widget-title\">Porto<\/h3><div class=\"thim-map-iframe\" style =\"height: 350px\"><iframe frameborder=\"0\" scrolling=\"no\" marginheight=\"0\" marginwidth=\"0\" src=\"https:\/\/maps.google.com\/maps?q=Pra%C3%A7a%20das%20Flores%2079%2C%204300-401%20Porto&amp;t=m&amp;z=15&amp;output=embed&amp;iwloc=near\" title=\"Pra\u00e7a das Flores 79, 4300-401 Porto\" aria-label=\"Pra\u00e7a das Flores 79, 4300-401 Porto\"><\/iframe><\/div>\n\t\t\t\t<\/div>\n\t\t\t\t<\/div>\n\t\t\t\t<div class=\"elementor-element elementor-element-f3a04da elementor-widget-mobile__width-initial elementor-widget elementor-widget-thim-google-map\" data-id=\"f3a04da\" data-element_type=\"widget\" data-e-type=\"widget\" data-widget_type=\"thim-google-map.default\">\n\t\t\t\t<div class=\"elementor-widget-container\">\n\t\t\t\t\t<h3 class=\"widget-title\">S\u00e3o jo\u00e3o da madeira<\/h3><div class=\"thim-map-iframe\" style =\"height: 350px\"><iframe frameborder=\"0\" scrolling=\"no\" marginheight=\"0\" marginwidth=\"0\" src=\"https:\/\/maps.google.com\/maps?q=R.%20Dr.%20S%C3%A1%20Carneiro%20106%20A%2C%203700-254%20S%C3%A3o%20Jo%C3%A3o%20da%20Madeira&amp;t=m&amp;z=15&amp;output=embed&amp;iwloc=near\" title=\"R. Dr. S\u00e1 Carneiro 106 A, 3700-254 S\u00e3o Jo\u00e3o da Madeira\" aria-label=\"R. Dr. S\u00e1 Carneiro 106 A, 3700-254 S\u00e3o Jo\u00e3o da Madeira\"><\/iframe><\/div>\n\t\t\t\t<\/div>\n\t\t\t\t<\/div>\n\t\t\t\t<div class=\"elementor-element elementor-element-7b3ea14 elementor-widget-mobile__width-initial elementor-widget elementor-widget-thim-google-map\" data-id=\"7b3ea14\" data-element_type=\"widget\" data-e-type=\"widget\" data-widget_type=\"thim-google-map.default\">\n\t\t\t\t<div class=\"elementor-widget-container\">\n\t\t\t\t\t<h3 class=\"widget-title\">Vila Nova de Gaia<\/h3><div class=\"thim-map-iframe\" style =\"height: 350px\"><iframe frameborder=\"0\" scrolling=\"no\" marginheight=\"0\" marginwidth=\"0\" src=\"https:\/\/maps.google.com\/maps?q=Av.%20da%20Rep%C3%BAblica%20n%C2%BA%202429%2C%204430-207%20Vila%20Nova%20de%20Gaia&amp;t=m&amp;z=15&amp;output=embed&amp;iwloc=near\" title=\"Av. da Rep\u00fablica n\u00ba 2429, 4430-207 Vila Nova de Gaia\" aria-label=\"Av. da Rep\u00fablica n\u00ba 2429, 4430-207 Vila Nova de Gaia\"><\/iframe><\/div>\n\t\t\t\t<\/div>\n\t\t\t\t<\/div>\n\t\t\t\t\t<\/div>\n\t\t<\/div>\n\t\t\t\t\t<\/div>\n\t\t<\/section>\n\t\t\t\t<section class=\"elementor-section elementor-top-section elementor-element elementor-element-c9da424 elementor-section-boxed elementor-section-height-default elementor-section-height-default\" data-id=\"c9da424\" data-element_type=\"section\" data-e-type=\"section\">\n\t\t\t\t\t\t<div class=\"elementor-container elementor-column-gap-default\">\n\t\t\t\t\t<div class=\"elementor-column elementor-col-100 elementor-top-column elementor-element elementor-element-26b6e1b\" data-id=\"26b6e1b\" data-element_type=\"column\" data-e-type=\"column\">\n\t\t\t<div class=\"elementor-widget-wrap elementor-element-populated\">\n\t\t\t\t\t\t<div class=\"elementor-element elementor-element-d9435b9 elementor-widget-mobile__width-initial elementor-widget elementor-widget-thim-google-map\" data-id=\"d9435b9\" data-element_type=\"widget\" data-e-type=\"widget\" data-widget_type=\"thim-google-map.default\">\n\t\t\t\t<div class=\"elementor-widget-container\">\n\t\t\t\t\t<h3 class=\"widget-title\">Viseu<\/h3><div class=\"thim-map-iframe\" style =\"height: 350px\"><iframe frameborder=\"0\" scrolling=\"no\" marginheight=\"0\" marginwidth=\"0\" src=\"https:\/\/maps.google.com\/maps?q=R.%20Eng.%20Lino%20Moreira%20Rodrigues%20Lote%209%20Loja%2019%2C%203510-084%20Viseu&amp;t=m&amp;z=15&amp;output=embed&amp;iwloc=near\" title=\"R. Eng. Lino Moreira Rodrigues Lote 9 Loja 19, 3510-084 Viseu\" aria-label=\"R. Eng. Lino Moreira Rodrigues Lote 9 Loja 19, 3510-084 Viseu\"><\/iframe><\/div>\n\t\t\t\t<\/div>\n\t\t\t\t<\/div>\n\t\t\t\t\t<\/div>\n\t\t<\/div>\n\t\t\t\t\t<\/div>\n\t\t<\/section>\n\t\t\t\t<section class=\"elementor-section elementor-top-section elementor-element elementor-element-f7de684 elementor-section-boxed elementor-section-height-default elementor-section-height-default\" data-id=\"f7de684\" data-element_type=\"section\" data-e-type=\"section\">\n\t\t\t\t\t\t<div class=\"elementor-container elementor-column-gap-default\">\n\t\t\t\t\t<div class=\"elementor-column elementor-col-100 elementor-top-column elementor-element elementor-element-50639c1\" data-id=\"50639c1\" data-element_type=\"column\" data-e-type=\"column\">\n\t\t\t<div class=\"elementor-widget-wrap elementor-element-populated\">\n\t\t\t\t\t\t<div class=\"elementor-element elementor-element-403019c elementor-widget elementor-widget-spacer\" data-id=\"403019c\" data-element_type=\"widget\" data-e-type=\"widget\" data-widget_type=\"spacer.default\">\n\t\t\t\t<div class=\"elementor-widget-container\">\n\t\t\t\t\t\t\t<div class=\"elementor-spacer\">\n\t\t\t<div class=\"elementor-spacer-inner\"><\/div>\n\t\t<\/div>\n\t\t\t\t\t\t<\/div>\n\t\t\t\t<\/div>\n\t\t\t\t\t<\/div>\n\t\t<\/div>\n\t\t\t\t\t<\/div>\n\t\t<\/section>\n\t\t\t\t<\/div>\n\t\t","protected":false},"excerpt":{"rendered":"<p>Almada Alverca Amadora Braga Coimbra Faro Funchal Lisbon Porto S\u00e3o jo\u00e3o da madeira Vila Nova de Gaia Viseu<\/p>\n","protected":false},"author":4,"featured_media":0,"parent":0,"menu_order":0,"comment_status":"closed","ping_status":"open","template":"","meta":{"footnotes":""},"class_list":["post-157654","page","type-page","status-publish","hentry"],"yoast_head":"<!-- This site is optimized with the Yoast SEO plugin v27.6 - https:\/\/yoast.com\/product\/yoast-seo-wordpress\/ -->\n<title>Where are we - Do It Better!<\/title>\n<meta name=\"robots\" content=\"index, follow, max-snippet:-1, max-image-preview:large, max-video-preview:-1\" \/>\n<link rel=\"canonical\" href=\"https:\/\/dibsite.sa-server.com\/en\/where-are-we\/\" \/>\n<meta property=\"og:locale\" content=\"en_US\" \/>\n<meta property=\"og:type\" content=\"article\" \/>\n<meta property=\"og:title\" content=\"Where are we - Do It Better!\" \/>\n<meta property=\"og:description\" content=\"Almada Alverca Amadora Braga Coimbra Faro Funchal Lisbon Porto S\u00e3o jo\u00e3o da madeira Vila Nova de Gaia Viseu\" \/>\n<meta property=\"og:url\" content=\"https:\/\/dibsite.sa-server.com\/en\/where-are-we\/\" \/>\n<meta property=\"og:site_name\" content=\"Do It Better!\" \/>\n<meta property=\"article:publisher\" content=\"https:\/\/www.facebook.com\/doitbetter.pt\" \/>\n<meta property=\"article:modified_time\" content=\"2024-03-14T09:54:32+00:00\" \/>\n<meta property=\"og:image\" content=\"https:\/\/dibsite.sa-server.com\/wp-content\/uploads\/2020\/12\/cropped-icone.png\" \/>\n\t<meta property=\"og:image:width\" content=\"512\" \/>\n\t<meta property=\"og:image:height\" content=\"512\" \/>\n\t<meta property=\"og:image:type\" content=\"image\/png\" \/>\n<meta name=\"twitter:card\" content=\"summary_large_image\" \/>\n<script type=\"application\/ld+json\" class=\"yoast-schema-graph\">{\"@context\":\"https:\\\/\\\/schema.org\",\"@graph\":[{\"@type\":\"WebPage\",\"@id\":\"https:\\\/\\\/dibsite.sa-server.com\\\/en\\\/where-are-we\\\/\",\"url\":\"https:\\\/\\\/dibsite.sa-server.com\\\/en\\\/where-are-we\\\/\",\"name\":\"Where are we - Do It Better!\",\"isPartOf\":{\"@id\":\"https:\\\/\\\/dibsite.sa-server.com\\\/en\\\/#website\"},\"datePublished\":\"2024-03-13T16:33:51+00:00\",\"dateModified\":\"2024-03-14T09:54:32+00:00\",\"breadcrumb\":{\"@id\":\"https:\\\/\\\/dibsite.sa-server.com\\\/en\\\/where-are-we\\\/#breadcrumb\"},\"inLanguage\":\"en-US\",\"potentialAction\":[{\"@type\":\"ReadAction\",\"target\":[\"https:\\\/\\\/dibsite.sa-server.com\\\/en\\\/where-are-we\\\/\"]}]},{\"@type\":\"BreadcrumbList\",\"@id\":\"https:\\\/\\\/dibsite.sa-server.com\\\/en\\\/where-are-we\\\/#breadcrumb\",\"itemListElement\":[{\"@type\":\"ListItem\",\"position\":1,\"name\":\"In\u00edcio\",\"item\":\"https:\\\/\\\/dibsite.sa-server.com\\\/en\\\/\"},{\"@type\":\"ListItem\",\"position\":2,\"name\":\"Where are we\"}]},{\"@type\":\"WebSite\",\"@id\":\"https:\\\/\\\/dibsite.sa-server.com\\\/en\\\/#website\",\"url\":\"https:\\\/\\\/dibsite.sa-server.com\\\/en\\\/\",\"name\":\"Do It Better!\",\"description\":\"Forma\u00e7\u00e3o Certificada\",\"publisher\":{\"@id\":\"https:\\\/\\\/dibsite.sa-server.com\\\/en\\\/#organization\"},\"potentialAction\":[{\"@type\":\"SearchAction\",\"target\":{\"@type\":\"EntryPoint\",\"urlTemplate\":\"https:\\\/\\\/dibsite.sa-server.com\\\/en\\\/?s={search_term_string}\"},\"query-input\":{\"@type\":\"PropertyValueSpecification\",\"valueRequired\":true,\"valueName\":\"search_term_string\"}}],\"inLanguage\":\"en-US\"},{\"@type\":\"Organization\",\"@id\":\"https:\\\/\\\/dibsite.sa-server.com\\\/en\\\/#organization\",\"name\":\"Do It Better - Centro de Forma\u00e7\u00e3o Profissional\",\"url\":\"https:\\\/\\\/dibsite.sa-server.com\\\/en\\\/\",\"logo\":{\"@type\":\"ImageObject\",\"inLanguage\":\"en-US\",\"@id\":\"https:\\\/\\\/dibsite.sa-server.com\\\/en\\\/#\\\/schema\\\/logo\\\/image\\\/\",\"url\":\"https:\\\/\\\/doitbetter.pt\\\/wp-content\\\/uploads\\\/2021\\\/03\\\/Logo-Assinatura.png\",\"contentUrl\":\"https:\\\/\\\/doitbetter.pt\\\/wp-content\\\/uploads\\\/2021\\\/03\\\/Logo-Assinatura.png\",\"width\":155,\"height\":54,\"caption\":\"Do It Better - Centro de Forma\u00e7\u00e3o Profissional\"},\"image\":{\"@id\":\"https:\\\/\\\/dibsite.sa-server.com\\\/en\\\/#\\\/schema\\\/logo\\\/image\\\/\"},\"sameAs\":[\"https:\\\/\\\/www.facebook.com\\\/doitbetter.pt\"]}]}<\/script>\n<!-- \/ Yoast SEO plugin. -->","yoast_head_json":{"title":"Where are we - Do It Better!","robots":{"index":"index","follow":"follow","max-snippet":"max-snippet:-1","max-image-preview":"max-image-preview:large","max-video-preview":"max-video-preview:-1"},"canonical":"https:\/\/dibsite.sa-server.com\/en\/where-are-we\/","og_locale":"en_US","og_type":"article","og_title":"Where are we - Do It Better!","og_description":"Almada Alverca Amadora Braga Coimbra Faro Funchal Lisbon Porto S\u00e3o jo\u00e3o da madeira Vila Nova de Gaia Viseu","og_url":"https:\/\/dibsite.sa-server.com\/en\/where-are-we\/","og_site_name":"Do It Better!","article_publisher":"https:\/\/www.facebook.com\/doitbetter.pt","article_modified_time":"2024-03-14T09:54:32+00:00","og_image":[{"width":512,"height":512,"url":"https:\/\/dibsite.sa-server.com\/wp-content\/uploads\/2020\/12\/cropped-icone.png","type":"image\/png"}],"twitter_card":"summary_large_image","schema":{"@context":"https:\/\/schema.org","@graph":[{"@type":"WebPage","@id":"https:\/\/dibsite.sa-server.com\/en\/where-are-we\/","url":"https:\/\/dibsite.sa-server.com\/en\/where-are-we\/","name":"Where are we - Do It Better!","isPartOf":{"@id":"https:\/\/dibsite.sa-server.com\/en\/#website"},"datePublished":"2024-03-13T16:33:51+00:00","dateModified":"2024-03-14T09:54:32+00:00","breadcrumb":{"@id":"https:\/\/dibsite.sa-server.com\/en\/where-are-we\/#breadcrumb"},"inLanguage":"en-US","potentialAction":[{"@type":"ReadAction","target":["https:\/\/dibsite.sa-server.com\/en\/where-are-we\/"]}]},{"@type":"BreadcrumbList","@id":"https:\/\/dibsite.sa-server.com\/en\/where-are-we\/#breadcrumb","itemListElement":[{"@type":"ListItem","position":1,"name":"In\u00edcio","item":"https:\/\/dibsite.sa-server.com\/en\/"},{"@type":"ListItem","position":2,"name":"Where are we"}]},{"@type":"WebSite","@id":"https:\/\/dibsite.sa-server.com\/en\/#website","url":"https:\/\/dibsite.sa-server.com\/en\/","name":"Do It Better!","description":"Forma\u00e7\u00e3o Certificada","publisher":{"@id":"https:\/\/dibsite.sa-server.com\/en\/#organization"},"potentialAction":[{"@type":"SearchAction","target":{"@type":"EntryPoint","urlTemplate":"https:\/\/dibsite.sa-server.com\/en\/?s={search_term_string}"},"query-input":{"@type":"PropertyValueSpecification","valueRequired":true,"valueName":"search_term_string"}}],"inLanguage":"en-US"},{"@type":"Organization","@id":"https:\/\/dibsite.sa-server.com\/en\/#organization","name":"Do It Better - Centro de Forma\u00e7\u00e3o Profissional","url":"https:\/\/dibsite.sa-server.com\/en\/","logo":{"@type":"ImageObject","inLanguage":"en-US","@id":"https:\/\/dibsite.sa-server.com\/en\/#\/schema\/logo\/image\/","url":"https:\/\/doitbetter.pt\/wp-content\/uploads\/2021\/03\/Logo-Assinatura.png","contentUrl":"https:\/\/doitbetter.pt\/wp-content\/uploads\/2021\/03\/Logo-Assinatura.png","width":155,"height":54,"caption":"Do It Better - Centro de Forma\u00e7\u00e3o Profissional"},"image":{"@id":"https:\/\/dibsite.sa-server.com\/en\/#\/schema\/logo\/image\/"},"sameAs":["https:\/\/www.facebook.com\/doitbetter.pt"]}]}},"_links":{"self":[{"href":"https:\/\/dibsite.sa-server.com\/en\/wp-json\/wp\/v2\/pages\/157654","targetHints":{"allow":["GET"]}}],"collection":[{"href":"https:\/\/dibsite.sa-server.com\/en\/wp-json\/wp\/v2\/pages"}],"about":[{"href":"https:\/\/dibsite.sa-server.com\/en\/wp-json\/wp\/v2\/types\/page"}],"author":[{"embeddable":true,"href":"https:\/\/dibsite.sa-server.com\/en\/wp-json\/wp\/v2\/users\/4"}],"replies":[{"embeddable":true,"href":"https:\/\/dibsite.sa-server.com\/en\/wp-json\/wp\/v2\/comments?post=157654"}],"version-history":[{"count":1,"href":"https:\/\/dibsite.sa-server.com\/en\/wp-json\/wp\/v2\/pages\/157654\/revisions"}],"predecessor-version":[{"id":157846,"href":"https:\/\/dibsite.sa-server.com\/en\/wp-json\/wp\/v2\/pages\/157654\/revisions\/157846"}],"wp:attachment":[{"href":"https:\/\/dibsite.sa-server.com\/en\/wp-json\/wp\/v2\/media?parent=157654"}],"curies":[{"name":"wp","href":"https:\/\/api.w.org\/{rel}","templated":true}]}}