{"id":157646,"date":"2024-03-13T14:43:33","date_gmt":"2024-03-13T14:43:33","guid":{"rendered":"https:\/\/doitbetter.pt\/certifications\/"},"modified":"2024-03-13T14:43:33","modified_gmt":"2024-03-13T14:43:33","slug":"certifications","status":"publish","type":"page","link":"https:\/\/dibsite.sa-server.com\/fr\/certifications\/","title":{"rendered":"Certifications"},"content":{"rendered":"<p>[vc_row][vc_column][vc_row_inner][vc_column_inner width=\u00a0\u00bb1\/3&Prime;][vc_single_image image=\u00a0\u00bb13125&Prime; img_size=\u00a0\u00bbfull\u00a0\u00bb alignment=\u00a0\u00bbcenter\u00a0\u00bb][\/vc_column_inner][vc_column_inner width=\u00a0\u00bb2\/3&Prime;][vc_column_text]<\/p>\n<p>Nous sommes une entit\u00e9 certifi\u00e9e dans le domaine de l&rsquo;\u00e9ducation et de la formation 146 \u2013 Formation d&rsquo;enseignants et de formateurs dans les domaines technologiques, conform\u00e9ment \u00e0 l&rsquo;ordonnance n\u00b0 851\/2010 du 6 septembre, modifi\u00e9e et republi\u00e9e par l&rsquo;ordonnance n\u00b0 208\/2013, du 26 septembre juin. Cela nous a permis d&rsquo;avoir l&rsquo;autorisation d&rsquo;op\u00e9rer le parcours de Formation P\u00e9dagogique Initiale de Formateurs, d\u00e9livr\u00e9e par l&rsquo;IEFP.<\/p>\n<p>[\/vc_column_text][\/vc_column_inner][\/vc_row_inner][\/vc_column][\/vc_row][vc_row][vc_column][vc_empty_space height=\u00a0\u00bb27px\u00a0\u00bb][vc_row_inner][vc_column_inner width=\u00a0\u00bb1\/3&Prime;][vc_single_image image=\u00a0\u00bb12980&Prime; img_size=\u00a0\u00bbfull\u00a0\u00bb alignment=\u00a0\u00bbcenter\u00a0\u00bb][\/vc_column_inner][vc_column_inner width=\u00a0\u00bb2\/3&Prime;][vc_empty_space height=\u00a0\u00bb15px\u00a0\u00bb][vc_column_text]<\/p>\n<p>Le D\u00e9partement de S\u00e9curit\u00e9 Priv\u00e9e de la Direction Nationale de la PSP a accord\u00e9 \u00e0 DO IT BETTER le statut d&rsquo;entit\u00e9 de formation certifi\u00e9e, aux termes de la loi n\u00ba 34\/2013 du 16 mai. En ce sens, et sous indication sur le portail SIGESP, nous sommes l&rsquo;entreprise certifi\u00e9e avec l&rsquo;autorisation n\u00ba 21.<\/p>\n<p>[\/vc_column_text][\/vc_column_inner][\/vc_row_inner][\/vc_column][\/vc_row][vc_row][vc_column][vc_empty_space height=\u00a0\u00bb27px\u00a0\u00bb][vc_row_inner][vc_column_inner width=\u00a0\u00bb1\/3&Prime;][vc_single_image image=\u00a0\u00bb13279&Prime; img_size=\u00a0\u00bbfull\u00a0\u00bb alignment=\u00a0\u00bbcenter\u00a0\u00bb][\/vc_column_inner][vc_column_inner width=\u00a0\u00bb2\/3&Prime;][vc_empty_space height=\u00a0\u00bb15px\u00a0\u00bb] [vc_column_text]<\/p>\n<p>En 2019, DO IT BETTER a \u00e9t\u00e9 r\u00e9compens\u00e9 par l&rsquo;Institut portugais des sports et de la jeunesse, I.P. (IPDJ), l&rsquo;attribution de cr\u00e9dits dans les cours d&rsquo;Entra\u00eeneur Personnel et Techniques de Coaching en Sport et Exercice Physique, qui permettent la r\u00e9\u00e9valuation du titre professionnel de coach sportif (TPTD) aux professionnels du domaine.<\/p>\n<p>[\/vc_column_text][\/vc_column_inner][\/vc_row_inner][\/vc_column][\/vc_row][vc_row][vc_column][vc_empty_space height=\u00a0\u00bb27px\u00a0\u00bb][vc_row_inner][vc_column_inner width=\u00a0\u00bb1\/3&Prime;][vc_single_image image=\u00a0\u00bb12979&Prime; img_size=\u00a0\u00bbfull\u00a0\u00bb alignment=\u00a0\u00bbcenter\u00a0\u00bb][\/vc_column_inner][vc_column_inner width=\u00a0\u00bb2\/3&Prime;][vc_empty_space height=\u00a0\u00bb15px\u00a0\u00bb][vc_column_text]<\/p>\n<p>Nous sommes \u00e9galement accr\u00e9dit\u00e9s par l&rsquo;Institut National des Urgences M\u00e9dicales (INEM) pour les cours BLS (Basic Life Support &#8211; adulte et p\u00e9diatrique) et BLS-DAE (Basic Life Support and Automatic External Defibrillation) depuis 2019.<\/p>\n<p>[\/vc_column_text][\/vc_column_inner][\/vc_row_inner][\/vc_column][\/vc_row][vc_row][vc_column][vc_empty_space height=\u00a0\u00bb27px\u00a0\u00bb][vc_row_inner][vc_column_inner width=\u00a0\u00bb1\/3&Prime;][vc_single_image image=\u00a0\u00bb12971&Prime; img_size=\u00a0\u00bbfull\u00a0\u00bb alignment=\u00a0\u00bbcenter\u00a0\u00bb][\/vc_column_inner][vc_column_inner width=\u00a0\u00bb2\/3&Prime;][vc_column_text]<\/p>\n<p>La Direction G\u00e9n\u00e9rale de l&rsquo;Emploi et des Relations Sociales (DGERT) a une responsabilit\u00e9 sp\u00e9cifique dans la gestion du Syst\u00e8me de Certification des Entit\u00e9s de Formation. De cette mani\u00e8re, il cherche \u00e0 contribuer, \u00e0 travers une \u00e9valuation rigoureuse des pratiques p\u00e9dagogiques, \u00e0 accro\u00eetre la qualit\u00e9 de la formation professionnelle au Portugal. Nos certifications sont :<\/p>\n<p>D\u00e9veloppement personnel (090)<br \/>\nMarketing et publicit\u00e9 (342)<br \/>\nL&rsquo;informatique du point de vue de l&rsquo;utilisateur (482)<br \/>\nFormation d&rsquo;enseignants et de formateurs dans les domaines technologiques (146)<br \/>\nTh\u00e9rapie et r\u00e9adaptation (726)<br \/>\nTravail social et orientation (762)<br \/>\nProtection des personnes et des biens (861)<br \/>\nSant\u00e9 \u2013 programmes non class\u00e9s dans un autre domaine de formation (729)<br \/>\nSoins de beaut\u00e9 (815)<br \/>\nGestion et administration (345)<br \/>\nServices d&rsquo;aide aux enfants et aux jeunes (761)<br \/>\nGestion d&rsquo;h\u00f4tels et de restaurants (811)<br \/>\nConception (214)<br \/>\nLangues et litt\u00e9ratures \u00e9trang\u00e8res (222)<br \/>\nSciences v\u00e9t\u00e9rinaires (640)<br \/>\nSciences dentaires (724)<br \/>\nTourisme et Loisirs (812)<br \/>\nSport (813)<br \/>\nServices de transports (840)<br \/>\nS\u00e9curit\u00e9 et hygi\u00e8ne au travail (862)<\/p>\n<p>[\/vc_column_text][\/vc_column_inner][\/vc_row_inner][vc_empty_space height=\u00a0\u00bb27px\u00a0\u00bb][vc_row_inner][vc_column_inner width=\u00a0\u00bb1\/3&Prime;][vc_single_image image=\u00a0\u00bb13133&Prime; img_size=\u00a0\u00bbfull\u00a0\u00bb alignment=\u00a0\u00bbcenter\u00a0\u00bb][\/vc_column_inner][vc_column_inner width=\u00a0\u00bb2\/3&Prime;][vc_column_text]Do It Better est accr\u00e9dit\u00e9 par la Direction G\u00e9n\u00e9rale des Ressources Naturelles, de la S\u00e9curit\u00e9 et des Services Maritimes (DGRM)[\/vc_column_text][\/vc_column_inner][\/vc_row_inner][vc_empty_space height=\u00a0\u00bb27px\u00a0\u00bb][\/vc_column][\/vc_row][vc_row][vc_column][vc_empty_space][\/vc_column][\/vc_row]<\/p>\n","protected":false},"excerpt":{"rendered":"<p>[vc_row][vc_column][vc_row_inner][vc_column_inner width=\u00a0\u00bb1\/3&Prime;][vc_single_image image=\u00a0\u00bb13125&Prime; img_size=\u00a0\u00bbfull\u00a0\u00bb alignment=\u00a0\u00bbcenter\u00a0\u00bb][\/vc_column_inner][vc_column_inner width=\u00a0\u00bb2\/3&Prime;][vc_column_text] Nous sommes une entit\u00e9 certifi\u00e9e dans le domaine de l&rsquo;\u00e9ducation et de la formation 146 \u2013 Formation d&rsquo;enseignants et de formateurs dans les domaines technologiques, conform\u00e9ment \u00e0 l&rsquo;ordonnance n\u00b0 851\/2010 du 6 septembre, modifi\u00e9e &hellip; <\/p>\n","protected":false},"author":76,"featured_media":0,"parent":0,"menu_order":0,"comment_status":"closed","ping_status":"open","template":"","meta":{"footnotes":""},"class_list":["post-157646","page","type-page","status-publish","hentry"],"yoast_head":"<!-- This site is optimized with the Yoast SEO plugin v27.6 - https:\/\/yoast.com\/product\/yoast-seo-wordpress\/ -->\n<title>Certifications - Do It Better!<\/title>\n<meta name=\"robots\" content=\"index, follow, max-snippet:-1, max-image-preview:large, max-video-preview:-1\" \/>\n<link rel=\"canonical\" href=\"https:\/\/dibsite.sa-server.com\/fr\/certifications\/\" \/>\n<meta property=\"og:locale\" content=\"fr_FR\" \/>\n<meta property=\"og:type\" content=\"article\" \/>\n<meta property=\"og:title\" content=\"Certifications - Do It Better!\" \/>\n<meta property=\"og:description\" content=\"[vc_row][vc_column][vc_row_inner][vc_column_inner width=\u00a0\u00bb1\/3&Prime;][vc_single_image image=\u00a0\u00bb13125&Prime; img_size=\u00a0\u00bbfull\u00a0\u00bb alignment=\u00a0\u00bbcenter\u00a0\u00bb][\/vc_column_inner][vc_column_inner width=\u00a0\u00bb2\/3&Prime;][vc_column_text] Nous sommes une entit\u00e9 certifi\u00e9e dans le domaine de l&rsquo;\u00e9ducation et de la formation 146 \u2013 Formation d&rsquo;enseignants et de formateurs dans les domaines technologiques, conform\u00e9ment \u00e0 l&rsquo;ordonnance n\u00b0 851\/2010 du 6 septembre, modifi\u00e9e &hellip;\" \/>\n<meta property=\"og:url\" content=\"https:\/\/dibsite.sa-server.com\/fr\/certifications\/\" \/>\n<meta property=\"og:site_name\" content=\"Do It Better!\" \/>\n<meta property=\"article:publisher\" content=\"https:\/\/www.facebook.com\/doitbetter.pt\" \/>\n<meta property=\"og:image\" content=\"https:\/\/dibsite.sa-server.com\/wp-content\/uploads\/2020\/12\/cropped-icone.png\" \/>\n\t<meta property=\"og:image:width\" content=\"512\" \/>\n\t<meta property=\"og:image:height\" content=\"512\" \/>\n\t<meta property=\"og:image:type\" content=\"image\/png\" \/>\n<meta name=\"twitter:card\" content=\"summary_large_image\" \/>\n<meta name=\"twitter:label1\" content=\"Dur\u00e9e de lecture estim\u00e9e\" \/>\n\t<meta name=\"twitter:data1\" content=\"3 minutes\" \/>\n<script type=\"application\/ld+json\" class=\"yoast-schema-graph\">{\"@context\":\"https:\\\/\\\/schema.org\",\"@graph\":[{\"@type\":\"WebPage\",\"@id\":\"https:\\\/\\\/dibsite.sa-server.com\\\/fr\\\/certifications\\\/\",\"url\":\"https:\\\/\\\/dibsite.sa-server.com\\\/fr\\\/certifications\\\/\",\"name\":\"Certifications - Do It Better!\",\"isPartOf\":{\"@id\":\"https:\\\/\\\/dibsite.sa-server.com\\\/fr\\\/#website\"},\"datePublished\":\"2024-03-13T14:43:33+00:00\",\"breadcrumb\":{\"@id\":\"https:\\\/\\\/dibsite.sa-server.com\\\/fr\\\/certifications\\\/#breadcrumb\"},\"inLanguage\":\"fr-FR\",\"potentialAction\":[{\"@type\":\"ReadAction\",\"target\":[\"https:\\\/\\\/dibsite.sa-server.com\\\/fr\\\/certifications\\\/\"]}]},{\"@type\":\"BreadcrumbList\",\"@id\":\"https:\\\/\\\/dibsite.sa-server.com\\\/fr\\\/certifications\\\/#breadcrumb\",\"itemListElement\":[{\"@type\":\"ListItem\",\"position\":1,\"name\":\"In\u00edcio\",\"item\":\"https:\\\/\\\/dibsite.sa-server.com\\\/fr\\\/\"},{\"@type\":\"ListItem\",\"position\":2,\"name\":\"Certifications\"}]},{\"@type\":\"WebSite\",\"@id\":\"https:\\\/\\\/dibsite.sa-server.com\\\/fr\\\/#website\",\"url\":\"https:\\\/\\\/dibsite.sa-server.com\\\/fr\\\/\",\"name\":\"Do It Better!\",\"description\":\"Forma\u00e7\u00e3o Certificada\",\"publisher\":{\"@id\":\"https:\\\/\\\/dibsite.sa-server.com\\\/fr\\\/#organization\"},\"potentialAction\":[{\"@type\":\"SearchAction\",\"target\":{\"@type\":\"EntryPoint\",\"urlTemplate\":\"https:\\\/\\\/dibsite.sa-server.com\\\/fr\\\/?s={search_term_string}\"},\"query-input\":{\"@type\":\"PropertyValueSpecification\",\"valueRequired\":true,\"valueName\":\"search_term_string\"}}],\"inLanguage\":\"fr-FR\"},{\"@type\":\"Organization\",\"@id\":\"https:\\\/\\\/dibsite.sa-server.com\\\/fr\\\/#organization\",\"name\":\"Do It Better - Centro de Forma\u00e7\u00e3o Profissional\",\"url\":\"https:\\\/\\\/dibsite.sa-server.com\\\/fr\\\/\",\"logo\":{\"@type\":\"ImageObject\",\"inLanguage\":\"fr-FR\",\"@id\":\"https:\\\/\\\/dibsite.sa-server.com\\\/fr\\\/#\\\/schema\\\/logo\\\/image\\\/\",\"url\":\"https:\\\/\\\/doitbetter.pt\\\/wp-content\\\/uploads\\\/2021\\\/03\\\/Logo-Assinatura.png\",\"contentUrl\":\"https:\\\/\\\/doitbetter.pt\\\/wp-content\\\/uploads\\\/2021\\\/03\\\/Logo-Assinatura.png\",\"width\":155,\"height\":54,\"caption\":\"Do It Better - Centro de Forma\u00e7\u00e3o Profissional\"},\"image\":{\"@id\":\"https:\\\/\\\/dibsite.sa-server.com\\\/fr\\\/#\\\/schema\\\/logo\\\/image\\\/\"},\"sameAs\":[\"https:\\\/\\\/www.facebook.com\\\/doitbetter.pt\"]}]}<\/script>\n<!-- \/ Yoast SEO plugin. -->","yoast_head_json":{"title":"Certifications - Do It Better!","robots":{"index":"index","follow":"follow","max-snippet":"max-snippet:-1","max-image-preview":"max-image-preview:large","max-video-preview":"max-video-preview:-1"},"canonical":"https:\/\/dibsite.sa-server.com\/fr\/certifications\/","og_locale":"fr_FR","og_type":"article","og_title":"Certifications - Do It Better!","og_description":"[vc_row][vc_column][vc_row_inner][vc_column_inner width=\u00a0\u00bb1\/3&Prime;][vc_single_image image=\u00a0\u00bb13125&Prime; img_size=\u00a0\u00bbfull\u00a0\u00bb alignment=\u00a0\u00bbcenter\u00a0\u00bb][\/vc_column_inner][vc_column_inner width=\u00a0\u00bb2\/3&Prime;][vc_column_text] Nous sommes une entit\u00e9 certifi\u00e9e dans le domaine de l&rsquo;\u00e9ducation et de la formation 146 \u2013 Formation d&rsquo;enseignants et de formateurs dans les domaines technologiques, conform\u00e9ment \u00e0 l&rsquo;ordonnance n\u00b0 851\/2010 du 6 septembre, modifi\u00e9e &hellip;","og_url":"https:\/\/dibsite.sa-server.com\/fr\/certifications\/","og_site_name":"Do It Better!","article_publisher":"https:\/\/www.facebook.com\/doitbetter.pt","og_image":[{"width":512,"height":512,"url":"https:\/\/dibsite.sa-server.com\/wp-content\/uploads\/2020\/12\/cropped-icone.png","type":"image\/png"}],"twitter_card":"summary_large_image","twitter_misc":{"Dur\u00e9e de lecture estim\u00e9e":"3 minutes"},"schema":{"@context":"https:\/\/schema.org","@graph":[{"@type":"WebPage","@id":"https:\/\/dibsite.sa-server.com\/fr\/certifications\/","url":"https:\/\/dibsite.sa-server.com\/fr\/certifications\/","name":"Certifications - Do It Better!","isPartOf":{"@id":"https:\/\/dibsite.sa-server.com\/fr\/#website"},"datePublished":"2024-03-13T14:43:33+00:00","breadcrumb":{"@id":"https:\/\/dibsite.sa-server.com\/fr\/certifications\/#breadcrumb"},"inLanguage":"fr-FR","potentialAction":[{"@type":"ReadAction","target":["https:\/\/dibsite.sa-server.com\/fr\/certifications\/"]}]},{"@type":"BreadcrumbList","@id":"https:\/\/dibsite.sa-server.com\/fr\/certifications\/#breadcrumb","itemListElement":[{"@type":"ListItem","position":1,"name":"In\u00edcio","item":"https:\/\/dibsite.sa-server.com\/fr\/"},{"@type":"ListItem","position":2,"name":"Certifications"}]},{"@type":"WebSite","@id":"https:\/\/dibsite.sa-server.com\/fr\/#website","url":"https:\/\/dibsite.sa-server.com\/fr\/","name":"Do It Better!","description":"Forma\u00e7\u00e3o Certificada","publisher":{"@id":"https:\/\/dibsite.sa-server.com\/fr\/#organization"},"potentialAction":[{"@type":"SearchAction","target":{"@type":"EntryPoint","urlTemplate":"https:\/\/dibsite.sa-server.com\/fr\/?s={search_term_string}"},"query-input":{"@type":"PropertyValueSpecification","valueRequired":true,"valueName":"search_term_string"}}],"inLanguage":"fr-FR"},{"@type":"Organization","@id":"https:\/\/dibsite.sa-server.com\/fr\/#organization","name":"Do It Better - Centro de Forma\u00e7\u00e3o Profissional","url":"https:\/\/dibsite.sa-server.com\/fr\/","logo":{"@type":"ImageObject","inLanguage":"fr-FR","@id":"https:\/\/dibsite.sa-server.com\/fr\/#\/schema\/logo\/image\/","url":"https:\/\/doitbetter.pt\/wp-content\/uploads\/2021\/03\/Logo-Assinatura.png","contentUrl":"https:\/\/doitbetter.pt\/wp-content\/uploads\/2021\/03\/Logo-Assinatura.png","width":155,"height":54,"caption":"Do It Better - Centro de Forma\u00e7\u00e3o Profissional"},"image":{"@id":"https:\/\/dibsite.sa-server.com\/fr\/#\/schema\/logo\/image\/"},"sameAs":["https:\/\/www.facebook.com\/doitbetter.pt"]}]}},"_links":{"self":[{"href":"https:\/\/dibsite.sa-server.com\/fr\/wp-json\/wp\/v2\/pages\/157646","targetHints":{"allow":["GET"]}}],"collection":[{"href":"https:\/\/dibsite.sa-server.com\/fr\/wp-json\/wp\/v2\/pages"}],"about":[{"href":"https:\/\/dibsite.sa-server.com\/fr\/wp-json\/wp\/v2\/types\/page"}],"author":[{"embeddable":true,"href":"https:\/\/dibsite.sa-server.com\/fr\/wp-json\/wp\/v2\/users\/76"}],"replies":[{"embeddable":true,"href":"https:\/\/dibsite.sa-server.com\/fr\/wp-json\/wp\/v2\/comments?post=157646"}],"version-history":[{"count":0,"href":"https:\/\/dibsite.sa-server.com\/fr\/wp-json\/wp\/v2\/pages\/157646\/revisions"}],"wp:attachment":[{"href":"https:\/\/dibsite.sa-server.com\/fr\/wp-json\/wp\/v2\/media?parent=157646"}],"curies":[{"name":"wp","href":"https:\/\/api.w.org\/{rel}","templated":true}]}}