{"id":157660,"date":"2024-03-13T17:17:52","date_gmt":"2024-03-13T17:17:52","guid":{"rendered":"https:\/\/doitbetter.pt\/equipe-do-it-better\/"},"modified":"2024-03-18T17:24:37","modified_gmt":"2024-03-18T17:24:37","slug":"equipe-do-it-better","status":"publish","type":"page","link":"https:\/\/dibsite.sa-server.com\/fr\/equipe-do-it-better\/","title":{"rendered":"\u00c9quipe Do It Better"},"content":{"rendered":"\t\t<div data-elementor-type=\"wp-post\" data-elementor-id=\"157660\" class=\"elementor elementor-157660 elementor-2780\" data-elementor-post-type=\"page\">\n\t\t\t\t\t\t<section class=\"elementor-section elementor-top-section elementor-element elementor-element-b01b394 elementor-section-boxed elementor-section-height-default elementor-section-height-default\" data-id=\"b01b394\" data-element_type=\"section\" data-e-type=\"section\">\n\t\t\t\t\t\t<div class=\"elementor-container elementor-column-gap-no\">\n\t\t\t\t\t<div class=\"elementor-column elementor-col-100 elementor-top-column elementor-element elementor-element-d723cc2\" data-id=\"d723cc2\" data-element_type=\"column\" data-e-type=\"column\">\n\t\t\t<div class=\"elementor-widget-wrap elementor-element-populated\">\n\t\t\t\t\t\t<div class=\"elementor-element elementor-element-76fda43 thim-ekits-heading-text-center elementor-widget thim-ekits-heading elementor-widget-thim-heading\" data-id=\"76fda43\" data-element_type=\"widget\" data-e-type=\"widget\" data-widget_type=\"thim-heading.default\">\n\t\t\t\t<div class=\"elementor-widget-container\">\n\t\t\t\t\t<div class=\"sc_heading text-center\"><h3 class=\"title\">Travaille avec nous <\/h3><div class=\"sub-heading\"><p>Si vous avez ce qu'il faut et \u00eates motiv\u00e9 pour vivre une nouvelle exp\u00e9rience professionnelle, contactez-nous!<\/p>\n<\/div><span class=\"line\"><\/span><\/div>\t\t\t\t<\/div>\n\t\t\t\t<\/div>\n\t\t\t\t<div class=\"elementor-element elementor-element-800fe82 elementor-widget elementor-widget-image\" data-id=\"800fe82\" data-element_type=\"widget\" data-e-type=\"widget\" data-widget_type=\"image.default\">\n\t\t\t\t<div class=\"elementor-widget-container\">\n\t\t\t\t\t\t\t\t\t\t\t\t\t\t\t<img fetchpriority=\"high\" decoding=\"async\" width=\"1170\" height=\"478\" src=\"https:\/\/dibsite.sa-server.com\/wp-content\/uploads\/2015\/11\/become-teacher.jpg\" class=\"attachment-full size-full wp-image-156575\" alt=\"\" srcset=\"https:\/\/dibsite.sa-server.com\/wp-content\/uploads\/2015\/11\/become-teacher.jpg 1170w, https:\/\/dibsite.sa-server.com\/wp-content\/uploads\/2015\/11\/become-teacher-300x123.jpg 300w, https:\/\/dibsite.sa-server.com\/wp-content\/uploads\/2015\/11\/become-teacher-1024x418.jpg 1024w, https:\/\/dibsite.sa-server.com\/wp-content\/uploads\/2015\/11\/become-teacher-768x314.jpg 768w, https:\/\/dibsite.sa-server.com\/wp-content\/uploads\/2015\/11\/become-teacher-600x245.jpg 600w\" sizes=\"(max-width: 1170px) 100vw, 1170px\" \/>\t\t\t\t\t\t\t\t\t\t\t\t\t\t\t<\/div>\n\t\t\t\t<\/div>\n\t\t\t\t\t<\/div>\n\t\t<\/div>\n\t\t\t\t\t<\/div>\n\t\t<\/section>\n\t\t\t\t<section class=\"elementor-section elementor-top-section elementor-element elementor-element-13605c6 elementor-section-boxed elementor-section-height-default elementor-section-height-default\" data-id=\"13605c6\" data-element_type=\"section\" data-e-type=\"section\">\n\t\t\t\t\t\t<div class=\"elementor-container elementor-column-gap-no\">\n\t\t\t\t\t<div class=\"elementor-column elementor-col-100 elementor-top-column elementor-element elementor-element-7b719b3\" data-id=\"7b719b3\" data-element_type=\"column\" data-e-type=\"column\">\n\t\t\t<div class=\"elementor-widget-wrap elementor-element-populated\">\n\t\t\t\t\t\t<div class=\"elementor-element elementor-element-0cee00a elementor-widget elementor-widget-text-editor\" data-id=\"0cee00a\" data-element_type=\"widget\" data-e-type=\"widget\" data-widget_type=\"text-editor.default\">\n\t\t\t\t<div class=\"elementor-widget-container\">\n\t\t\t\t\t\t\t\t\t<h6>Do It Better est \u00e0 votre disposition pour toute question.<\/h6>\t\t\t\t\t\t\t\t<\/div>\n\t\t\t\t<\/div>\n\t\t\t\t<div class=\"elementor-element elementor-element-4f17c5c elementor-widget elementor-widget-spacer\" data-id=\"4f17c5c\" data-element_type=\"widget\" data-e-type=\"widget\" data-widget_type=\"spacer.default\">\n\t\t\t\t<div class=\"elementor-widget-container\">\n\t\t\t\t\t\t\t<div class=\"elementor-spacer\">\n\t\t\t<div class=\"elementor-spacer-inner\"><\/div>\n\t\t<\/div>\n\t\t\t\t\t\t<\/div>\n\t\t\t\t<\/div>\n\t\t\t\t\t<\/div>\n\t\t<\/div>\n\t\t\t\t\t<\/div>\n\t\t<\/section>\n\t\t\t\t<section class=\"elementor-section elementor-top-section elementor-element elementor-element-2482687 elementor-section-boxed elementor-section-height-default elementor-section-height-default\" data-id=\"2482687\" data-element_type=\"section\" data-e-type=\"section\">\n\t\t\t\t\t\t<div class=\"elementor-container elementor-column-gap-default\">\n\t\t\t\t\t<div class=\"elementor-column elementor-col-100 elementor-top-column elementor-element elementor-element-b0d39cc\" data-id=\"b0d39cc\" data-element_type=\"column\" data-e-type=\"column\">\n\t\t\t<div class=\"elementor-widget-wrap elementor-element-populated\">\n\t\t\t\t\t\t<div class=\"elementor-element elementor-element-05a9d4d thim-widget-tab elementor-widget thim-widget-tab template-tab\" data-id=\"05a9d4d\" data-element_type=\"widget\" data-e-type=\"widget\" data-widget_type=\"thim-tab.default\">\n\t\t\t\t<div class=\"elementor-widget-container\">\n\t\t\t\t\t<ul class=\"nav nav-tabs\" role=\"tablist\"><li role=\"presentation\" class='active tab-col-2'><a href=\"#thim-widget-tab-11778754907-1-94\"  role=\"tab\" data-toggle=\"tab\">Opportunit\u00e9s en:<\/a><\/li><li role=\"presentation\" class='tab-col-2'><a href=\"#thim-widget-tab-21778754907-1-94\"  role=\"tab\" data-toggle=\"tab\">Pr\u00e9senter une demande<\/a><\/li><\/ul><div class=\"tab-content\"> <div role=\"tabpanel\" class=\"tab-pane active\" id=\"thim-widget-tab-11778754907-1-94\">Ressources humaines ;<br>\n\u00c9conomie et gestion ; <br>\nCommunication et marketing ; <br>\nConception ;<br>\nFormateurs de diff\u00e9rents domaines ; <br>\nL'informatique.<\/div> <div role=\"tabpanel\" class=\"tab-pane\" id=\"thim-widget-tab-21778754907-1-94\">\n<div class=\"wpcf7 no-js\" id=\"wpcf7-f161636-o1\" lang=\"fr-FR\" dir=\"ltr\" data-wpcf7-id=\"161636\">\n<div class=\"screen-reader-response\"><p role=\"status\" aria-live=\"polite\" aria-atomic=\"true\"><\/p> <ul><\/ul><\/div>\n<form action=\"\/fr\/wp-json\/wp\/v2\/pages\/157660#wpcf7-f161636-o1\" method=\"post\" class=\"wpcf7-form init\" aria-label=\"Formulaire de contact\" enctype=\"multipart\/form-data\" novalidate=\"novalidate\" data-status=\"init\">\n<fieldset class=\"hidden-fields-container\"><input type=\"hidden\" name=\"_wpcf7\" value=\"161636\" \/><input type=\"hidden\" name=\"_wpcf7_version\" value=\"6.1.5\" \/><input type=\"hidden\" name=\"_wpcf7_locale\" value=\"fr_FR\" \/><input type=\"hidden\" name=\"_wpcf7_unit_tag\" value=\"wpcf7-f161636-o1\" \/><input type=\"hidden\" name=\"_wpcf7_container_post\" value=\"0\" \/><input type=\"hidden\" name=\"_wpcf7_posted_data_hash\" value=\"\" \/><input type=\"hidden\" name=\"_wpcf7dtx_version\" value=\"5.0.5\" \/><input type=\"hidden\" name=\"_extcf7_conditional_options\" value=\"{&quot;form_id&quot;:161636,&quot;conditions&quot;:[]}\" \/><input type=\"hidden\" name=\"_extcf7_redirect_options\" value=\"{&quot;form_id&quot;:161636,&quot;redirect_options&quot;:{&quot;redirection_enable&quot;:&quot;off&quot;,&quot;custom_url_enable&quot;:&quot;off&quot;,&quot;redirect_page&quot;:&quot;&quot;,&quot;custom_urle&quot;:&quot;&quot;,&quot;redirect_new_tab&quot;:&quot;off&quot;,&quot;js_action&quot;:&quot;off&quot;,&quot;javascript_code&quot;:&quot;&quot;}}\" \/><input type=\"hidden\" name=\"_wpcf7_recaptcha_response\" value=\"\" \/>\n<\/fieldset>\n<p><span class=\"wpcf7-form-control-wrap\" data-name=\"nomecandi\"><input size=\"40\" maxlength=\"400\" class=\"wpcf7-form-control wpcf7-text wpcf7-validates-as-required\" aria-required=\"true\" aria-invalid=\"false\" placeholder=\"Nom*\" value=\"\" type=\"text\" name=\"nomecandi\" \/><\/span>\n<\/p>\n<p><span class=\"wpcf7-form-control-wrap\" data-name=\"emailcandi\"><input size=\"40\" maxlength=\"400\" class=\"wpcf7-form-control wpcf7-email wpcf7-validates-as-required wpcf7-text wpcf7-validates-as-email\" aria-required=\"true\" aria-invalid=\"false\" placeholder=\"E-mail*\" value=\"\" type=\"email\" name=\"emailcandi\" \/><\/span>\n<\/p>\n<p><span class=\"wpcf7-form-control-wrap\" data-name=\"cv_file\"><input size=\"40\" class=\"wpcf7-form-control wpcf7-file\" accept=\".pdf,.txt,.doc,.docx\" aria-invalid=\"false\" type=\"file\" name=\"cv_file\" \/><\/span>\n<\/p>\n<p><span class=\"wpcf7-form-control-wrap\" data-name=\"amsg\"><textarea cols=\"40\" rows=\"10\" maxlength=\"2000\" class=\"wpcf7-form-control wpcf7-textarea wpcf7-validates-as-required\" aria-required=\"true\" aria-invalid=\"false\" placeholder=\"Message*\" name=\"amsg\"><\/textarea><\/span>\n<\/p>\n<p><input class=\"wpcf7-form-control wpcf7-submit has-spinner\" type=\"submit\" value=\"Pr\u00e9senter une demande\" \/>\n<\/p><div class=\"wpcf7-response-output\" aria-hidden=\"true\"><\/div>\n<\/form>\n<\/div>\n<\/div><\/div>\t\t\t\t<\/div>\n\t\t\t\t<\/div>\n\t\t\t\t\t<\/div>\n\t\t<\/div>\n\t\t\t\t\t<\/div>\n\t\t<\/section>\n\t\t\t\t<\/div>\n\t\t","protected":false},"excerpt":{"rendered":"<p>Travaille avec nous Si vous avez ce qu&rsquo;il faut et \u00eates motiv\u00e9 pour vivre une nouvelle exp\u00e9rience professionnelle, contactez-nous! Do It Better est \u00e0 votre disposition pour toute question. Opportunit\u00e9s en: Pr\u00e9senter une demande Ressources humaines ; \u00c9conomie et gestion &hellip; <\/p>\n","protected":false},"author":76,"featured_media":0,"parent":0,"menu_order":0,"comment_status":"closed","ping_status":"open","template":"","meta":{"footnotes":""},"class_list":["post-157660","page","type-page","status-publish","hentry"],"yoast_head":"<!-- This site is optimized with the Yoast SEO plugin v27.6 - https:\/\/yoast.com\/product\/yoast-seo-wordpress\/ -->\n<title>\u00c9quipe Do It Better - Do It Better!<\/title>\n<meta name=\"robots\" content=\"index, follow, max-snippet:-1, max-image-preview:large, max-video-preview:-1\" \/>\n<link rel=\"canonical\" href=\"https:\/\/dibsite.sa-server.com\/fr\/equipe-do-it-better\/\" \/>\n<meta property=\"og:locale\" content=\"fr_FR\" \/>\n<meta property=\"og:type\" content=\"article\" \/>\n<meta property=\"og:title\" content=\"\u00c9quipe Do It Better - Do It Better!\" \/>\n<meta property=\"og:description\" content=\"Travaille avec nous Si vous avez ce qu&rsquo;il faut et \u00eates motiv\u00e9 pour vivre une nouvelle exp\u00e9rience professionnelle, contactez-nous! Do It Better est \u00e0 votre disposition pour toute question. Opportunit\u00e9s en: Pr\u00e9senter une demande Ressources humaines ; \u00c9conomie et gestion &hellip;\" \/>\n<meta property=\"og:url\" content=\"https:\/\/dibsite.sa-server.com\/fr\/equipe-do-it-better\/\" \/>\n<meta property=\"og:site_name\" content=\"Do It Better!\" \/>\n<meta property=\"article:publisher\" content=\"https:\/\/www.facebook.com\/doitbetter.pt\" \/>\n<meta property=\"article:modified_time\" content=\"2024-03-18T17:24:37+00:00\" \/>\n<meta property=\"og:image\" content=\"https:\/\/doitbetter.pt\/wp-content\/uploads\/2015\/11\/become-teacher.jpg\" \/>\n<meta name=\"twitter:card\" content=\"summary_large_image\" \/>\n<script type=\"application\/ld+json\" class=\"yoast-schema-graph\">{\"@context\":\"https:\\\/\\\/schema.org\",\"@graph\":[{\"@type\":\"WebPage\",\"@id\":\"https:\\\/\\\/dibsite.sa-server.com\\\/fr\\\/equipe-do-it-better\\\/\",\"url\":\"https:\\\/\\\/dibsite.sa-server.com\\\/fr\\\/equipe-do-it-better\\\/\",\"name\":\"\u00c9quipe Do It Better - Do It Better!\",\"isPartOf\":{\"@id\":\"https:\\\/\\\/dibsite.sa-server.com\\\/fr\\\/#website\"},\"primaryImageOfPage\":{\"@id\":\"https:\\\/\\\/dibsite.sa-server.com\\\/fr\\\/equipe-do-it-better\\\/#primaryimage\"},\"image\":{\"@id\":\"https:\\\/\\\/dibsite.sa-server.com\\\/fr\\\/equipe-do-it-better\\\/#primaryimage\"},\"thumbnailUrl\":\"https:\\\/\\\/doitbetter.pt\\\/wp-content\\\/uploads\\\/2015\\\/11\\\/become-teacher.jpg\",\"datePublished\":\"2024-03-13T17:17:52+00:00\",\"dateModified\":\"2024-03-18T17:24:37+00:00\",\"breadcrumb\":{\"@id\":\"https:\\\/\\\/dibsite.sa-server.com\\\/fr\\\/equipe-do-it-better\\\/#breadcrumb\"},\"inLanguage\":\"fr-FR\",\"potentialAction\":[{\"@type\":\"ReadAction\",\"target\":[\"https:\\\/\\\/dibsite.sa-server.com\\\/fr\\\/equipe-do-it-better\\\/\"]}]},{\"@type\":\"ImageObject\",\"inLanguage\":\"fr-FR\",\"@id\":\"https:\\\/\\\/dibsite.sa-server.com\\\/fr\\\/equipe-do-it-better\\\/#primaryimage\",\"url\":\"https:\\\/\\\/doitbetter.pt\\\/wp-content\\\/uploads\\\/2015\\\/11\\\/become-teacher.jpg\",\"contentUrl\":\"https:\\\/\\\/doitbetter.pt\\\/wp-content\\\/uploads\\\/2015\\\/11\\\/become-teacher.jpg\"},{\"@type\":\"BreadcrumbList\",\"@id\":\"https:\\\/\\\/dibsite.sa-server.com\\\/fr\\\/equipe-do-it-better\\\/#breadcrumb\",\"itemListElement\":[{\"@type\":\"ListItem\",\"position\":1,\"name\":\"In\u00edcio\",\"item\":\"https:\\\/\\\/dibsite.sa-server.com\\\/fr\\\/\"},{\"@type\":\"ListItem\",\"position\":2,\"name\":\"\u00c9quipe Do It Better\"}]},{\"@type\":\"WebSite\",\"@id\":\"https:\\\/\\\/dibsite.sa-server.com\\\/fr\\\/#website\",\"url\":\"https:\\\/\\\/dibsite.sa-server.com\\\/fr\\\/\",\"name\":\"Do It Better!\",\"description\":\"Forma\u00e7\u00e3o Certificada\",\"publisher\":{\"@id\":\"https:\\\/\\\/dibsite.sa-server.com\\\/fr\\\/#organization\"},\"potentialAction\":[{\"@type\":\"SearchAction\",\"target\":{\"@type\":\"EntryPoint\",\"urlTemplate\":\"https:\\\/\\\/dibsite.sa-server.com\\\/fr\\\/?s={search_term_string}\"},\"query-input\":{\"@type\":\"PropertyValueSpecification\",\"valueRequired\":true,\"valueName\":\"search_term_string\"}}],\"inLanguage\":\"fr-FR\"},{\"@type\":\"Organization\",\"@id\":\"https:\\\/\\\/dibsite.sa-server.com\\\/fr\\\/#organization\",\"name\":\"Do It Better - Centro de Forma\u00e7\u00e3o Profissional\",\"url\":\"https:\\\/\\\/dibsite.sa-server.com\\\/fr\\\/\",\"logo\":{\"@type\":\"ImageObject\",\"inLanguage\":\"fr-FR\",\"@id\":\"https:\\\/\\\/dibsite.sa-server.com\\\/fr\\\/#\\\/schema\\\/logo\\\/image\\\/\",\"url\":\"https:\\\/\\\/doitbetter.pt\\\/wp-content\\\/uploads\\\/2021\\\/03\\\/Logo-Assinatura.png\",\"contentUrl\":\"https:\\\/\\\/doitbetter.pt\\\/wp-content\\\/uploads\\\/2021\\\/03\\\/Logo-Assinatura.png\",\"width\":155,\"height\":54,\"caption\":\"Do It Better - Centro de Forma\u00e7\u00e3o Profissional\"},\"image\":{\"@id\":\"https:\\\/\\\/dibsite.sa-server.com\\\/fr\\\/#\\\/schema\\\/logo\\\/image\\\/\"},\"sameAs\":[\"https:\\\/\\\/www.facebook.com\\\/doitbetter.pt\"]}]}<\/script>\n<!-- \/ Yoast SEO plugin. -->","yoast_head_json":{"title":"\u00c9quipe Do It Better - Do It Better!","robots":{"index":"index","follow":"follow","max-snippet":"max-snippet:-1","max-image-preview":"max-image-preview:large","max-video-preview":"max-video-preview:-1"},"canonical":"https:\/\/dibsite.sa-server.com\/fr\/equipe-do-it-better\/","og_locale":"fr_FR","og_type":"article","og_title":"\u00c9quipe Do It Better - Do It Better!","og_description":"Travaille avec nous Si vous avez ce qu&rsquo;il faut et \u00eates motiv\u00e9 pour vivre une nouvelle exp\u00e9rience professionnelle, contactez-nous! Do It Better est \u00e0 votre disposition pour toute question. Opportunit\u00e9s en: Pr\u00e9senter une demande Ressources humaines ; \u00c9conomie et gestion &hellip;","og_url":"https:\/\/dibsite.sa-server.com\/fr\/equipe-do-it-better\/","og_site_name":"Do It Better!","article_publisher":"https:\/\/www.facebook.com\/doitbetter.pt","article_modified_time":"2024-03-18T17:24:37+00:00","og_image":[{"url":"https:\/\/doitbetter.pt\/wp-content\/uploads\/2015\/11\/become-teacher.jpg","type":"","width":"","height":""}],"twitter_card":"summary_large_image","schema":{"@context":"https:\/\/schema.org","@graph":[{"@type":"WebPage","@id":"https:\/\/dibsite.sa-server.com\/fr\/equipe-do-it-better\/","url":"https:\/\/dibsite.sa-server.com\/fr\/equipe-do-it-better\/","name":"\u00c9quipe Do It Better - Do It Better!","isPartOf":{"@id":"https:\/\/dibsite.sa-server.com\/fr\/#website"},"primaryImageOfPage":{"@id":"https:\/\/dibsite.sa-server.com\/fr\/equipe-do-it-better\/#primaryimage"},"image":{"@id":"https:\/\/dibsite.sa-server.com\/fr\/equipe-do-it-better\/#primaryimage"},"thumbnailUrl":"https:\/\/doitbetter.pt\/wp-content\/uploads\/2015\/11\/become-teacher.jpg","datePublished":"2024-03-13T17:17:52+00:00","dateModified":"2024-03-18T17:24:37+00:00","breadcrumb":{"@id":"https:\/\/dibsite.sa-server.com\/fr\/equipe-do-it-better\/#breadcrumb"},"inLanguage":"fr-FR","potentialAction":[{"@type":"ReadAction","target":["https:\/\/dibsite.sa-server.com\/fr\/equipe-do-it-better\/"]}]},{"@type":"ImageObject","inLanguage":"fr-FR","@id":"https:\/\/dibsite.sa-server.com\/fr\/equipe-do-it-better\/#primaryimage","url":"https:\/\/doitbetter.pt\/wp-content\/uploads\/2015\/11\/become-teacher.jpg","contentUrl":"https:\/\/doitbetter.pt\/wp-content\/uploads\/2015\/11\/become-teacher.jpg"},{"@type":"BreadcrumbList","@id":"https:\/\/dibsite.sa-server.com\/fr\/equipe-do-it-better\/#breadcrumb","itemListElement":[{"@type":"ListItem","position":1,"name":"In\u00edcio","item":"https:\/\/dibsite.sa-server.com\/fr\/"},{"@type":"ListItem","position":2,"name":"\u00c9quipe Do It Better"}]},{"@type":"WebSite","@id":"https:\/\/dibsite.sa-server.com\/fr\/#website","url":"https:\/\/dibsite.sa-server.com\/fr\/","name":"Do It Better!","description":"Forma\u00e7\u00e3o Certificada","publisher":{"@id":"https:\/\/dibsite.sa-server.com\/fr\/#organization"},"potentialAction":[{"@type":"SearchAction","target":{"@type":"EntryPoint","urlTemplate":"https:\/\/dibsite.sa-server.com\/fr\/?s={search_term_string}"},"query-input":{"@type":"PropertyValueSpecification","valueRequired":true,"valueName":"search_term_string"}}],"inLanguage":"fr-FR"},{"@type":"Organization","@id":"https:\/\/dibsite.sa-server.com\/fr\/#organization","name":"Do It Better - Centro de Forma\u00e7\u00e3o Profissional","url":"https:\/\/dibsite.sa-server.com\/fr\/","logo":{"@type":"ImageObject","inLanguage":"fr-FR","@id":"https:\/\/dibsite.sa-server.com\/fr\/#\/schema\/logo\/image\/","url":"https:\/\/doitbetter.pt\/wp-content\/uploads\/2021\/03\/Logo-Assinatura.png","contentUrl":"https:\/\/doitbetter.pt\/wp-content\/uploads\/2021\/03\/Logo-Assinatura.png","width":155,"height":54,"caption":"Do It Better - Centro de Forma\u00e7\u00e3o Profissional"},"image":{"@id":"https:\/\/dibsite.sa-server.com\/fr\/#\/schema\/logo\/image\/"},"sameAs":["https:\/\/www.facebook.com\/doitbetter.pt"]}]}},"_links":{"self":[{"href":"https:\/\/dibsite.sa-server.com\/fr\/wp-json\/wp\/v2\/pages\/157660","targetHints":{"allow":["GET"]}}],"collection":[{"href":"https:\/\/dibsite.sa-server.com\/fr\/wp-json\/wp\/v2\/pages"}],"about":[{"href":"https:\/\/dibsite.sa-server.com\/fr\/wp-json\/wp\/v2\/types\/page"}],"author":[{"embeddable":true,"href":"https:\/\/dibsite.sa-server.com\/fr\/wp-json\/wp\/v2\/users\/76"}],"replies":[{"embeddable":true,"href":"https:\/\/dibsite.sa-server.com\/fr\/wp-json\/wp\/v2\/comments?post=157660"}],"version-history":[{"count":10,"href":"https:\/\/dibsite.sa-server.com\/fr\/wp-json\/wp\/v2\/pages\/157660\/revisions"}],"predecessor-version":[{"id":161635,"href":"https:\/\/dibsite.sa-server.com\/fr\/wp-json\/wp\/v2\/pages\/157660\/revisions\/161635"}],"wp:attachment":[{"href":"https:\/\/dibsite.sa-server.com\/fr\/wp-json\/wp\/v2\/media?parent=157660"}],"curies":[{"name":"wp","href":"https:\/\/api.w.org\/{rel}","templated":true}]}}