{"id":158206,"date":"2020-11-17T17:39:52","date_gmt":"2020-11-17T17:39:52","guid":{"rendered":"https:\/\/doitbetter.pt\/politica-de-privacidade\/"},"modified":"2024-03-18T15:17:51","modified_gmt":"2024-03-18T15:17:51","slug":"politique-de-confidentialite","status":"publish","type":"page","link":"https:\/\/dibsite.sa-server.com\/fr\/politique-de-confidentialite\/","title":{"rendered":"Politique de Confidentialit\u00e9"},"content":{"rendered":"<p><strong>Cadre<\/strong><\/p>\n<p><strong>Do It Better Consulting Lda<\/strong> assure la protection des donn\u00e9es de ses clients et visiteurs de ce site. Ainsi, et conform\u00e9ment aux dispositions du R\u00e8glement G\u00e9n\u00e9ral sur la Protection des Donn\u00e9es (RGPD \u2013 R\u00e8glement [UE] 2016\/679 du Parlement europ\u00e9en et du Conseil, du 27 avril 2016), relatif \u00e0 la protection des personnes physiques \u00e0 l\u2019\u00e9gard du traitement des donn\u00e9es personnelles et la libre circulation de ces donn\u00e9es, Do It Better Consulting a r\u00e9vis\u00e9 les Conditions G\u00e9n\u00e9rales d&rsquo;Utilisation de nos services en ligne, ainsi que la Politique de Confidentialit\u00e9. Ces changements sont entr\u00e9s en vigueur le 25 mai 2018.<\/p>\n<p>Les contacts effectu\u00e9s \u00e0 l&rsquo;aide des donn\u00e9es collect\u00e9es dans les formulaires de contact pr\u00e9supposent l&rsquo;acceptation et la connaissance par l&rsquo;utilisateur de la Politique de Confidentialit\u00e9, d\u00fbment align\u00e9e sur le nouveau <strong>R\u00e8glement sur la Protection des Donn\u00e9es.<\/strong> Do It Better Consulting n&rsquo;est pas responsable de tout fait r\u00e9sultant de l&rsquo;indisponibilit\u00e9 du site Web, quelle que soit sa dur\u00e9e, et se r\u00e9serve \u00e9galement le droit de restreindre l&rsquo;acc\u00e8s \u00e0 certaines zones du site Web pour des raisons techniques ou pour respecter des obligations en vigueur.<\/p>\n<p><strong>Politique de Confidentialit\u00e9<\/strong><\/p>\n<p>Contr\u00f4leur de donn\u00e9es et propri\u00e9taire<\/p>\n<p><strong>Do It Better Consulting Lda<\/strong><\/p>\n<p><strong><a href=\"http:\/\/www.doitbetter.pt\/\">www.doitbetter.pt<\/a><br \/><\/strong><a href=\"mailto:geral@doitbetter.pt\">geral@doitbetter.pt<\/a><strong><br \/>800 10 26 26<\/strong><\/p>\n<p><strong>Do It Better Consulting Lda<\/strong> garantit la protection des informations personnelles de tous les utilisateurs.<\/p>\n<p><strong>Do It Better Consulting Lda<\/strong>, garantit aux utilisateurs de cette page de respecter leur vie priv\u00e9e.<\/p>\n<p>La consultation de cette page peut impliquer le stockage de certains cookies dans votre navigateur \u2013 voir <strong>Politique de Cookies.<\/strong><\/p>\n<p>\u00c0 son tour, l&rsquo;utilisation du service disponible sur cette page implique la fourniture par les utilisateurs de donn\u00e9es personnelles \u2013 nom, email et num\u00e9ro de t\u00e9l\u00e9phone. Dans certaines situations, comme les demandes d&rsquo;informations sur les franchises ou les demandes d&rsquo;entreprises visant \u00e0 \u00e9tablir des protocoles, des donn\u00e9es suppl\u00e9mentaires peuvent \u00eatre demand\u00e9es.<\/p>\n<p>Le d\u00e9faut de fournir certaines donn\u00e9es personnelles peut emp\u00eacher <strong>Do It Better Consulting Lda<\/strong> de fournir des informations, de contacter ou de r\u00e9soudre des probl\u00e8mes.<\/p>\n<p>Cette <strong>Politique de confidentialit\u00e9<\/strong> fait partie int\u00e9grante des <strong>Conditions d&rsquo;utilisation<\/strong> du site Web https:\/\/doitbetter.pt. Cette politique de confidentialit\u00e9 r\u00e9git : la collecte et le traitement des donn\u00e9es personnelles fournies par les utilisateurs ; l&rsquo;exercice de vos droits relatifs \u00e0 ces donn\u00e9es, conform\u00e9ment \u00e0 la loi sur la protection des donn\u00e9es personnelles en vigueur.<\/p>\n<p><strong>Collecte et traitement des donn\u00e9es<\/strong><\/p>\n<p><strong>Do It Better Consulting<\/strong> est l&rsquo;entit\u00e9 responsable de la collecte et du traitement des donn\u00e9es personnelles des Utilisateurs.<\/p>\n<p>Les <strong>donn\u00e9es personnelles collect\u00e9es<\/strong> seront trait\u00e9es et stock\u00e9es \u00e9lectroniquement par Do It Better Consulting et sont destin\u00e9es \u00e0 r\u00e9pondre aux demandes d&rsquo;informations des Utilisateurs.<\/p>\n<p>Les <strong>donn\u00e9es personnelles collect\u00e9es<\/strong> \u2013 nom, email et num\u00e9ro de t\u00e9l\u00e9phone \u2013 seront conserv\u00e9es de mani\u00e8re \u00e0 permettre votre identification pendant la dur\u00e9e n\u00e9cessaire \u00e0 la r\u00e9alisation des finalit\u00e9s de collecte (clarification de doutes et\/ou rendez-vous). Les informations personnelles d\u00e9pos\u00e9es sur le formulaire de contact seront re\u00e7ues, analys\u00e9es et trait\u00e9es par le Service Marketing afin de vous fournir une explication d\u00fbment personnalis\u00e9e conform\u00e9ment aux informations demand\u00e9es.<\/p>\n<p>Do It Better Consulting est l&rsquo;entit\u00e9 responsable de la collecte et du traitement des donn\u00e9es personnelles des Utilisateurs.<\/p>\n<p>Les <strong>donn\u00e9es personnelles collect\u00e9es<\/strong> seront trait\u00e9es et stock\u00e9es \u00e9lectroniquement par <strong>Do It Better Consulting<\/strong> et sont destin\u00e9es \u00e0 r\u00e9pondre aux demandes d&rsquo;informations des Utilisateurs.<\/p>\n<p>Les <strong>donn\u00e9es personnelles collect\u00e9es<\/strong> \u2013 nom, email et num\u00e9ro de t\u00e9l\u00e9phone \u2013 seront conserv\u00e9es de mani\u00e8re \u00e0 permettre votre identification pendant la dur\u00e9e n\u00e9cessaire \u00e0 la <strong>r\u00e9alisation des finalit\u00e9s de collecte<\/strong> (clarification de doutes et\/ou rendez-vous). Les informations personnelles d\u00e9pos\u00e9es sur le formulaire de contact seront re\u00e7ues, analys\u00e9es et trait\u00e9es par le Service Marketing afin de vous fournir une explication d\u00fbment personnalis\u00e9e conform\u00e9ment aux informations demand\u00e9es.<\/p>\n<p><strong>Do It Better Consulting<\/strong> suppose que les donn\u00e9es collect\u00e9es ont \u00e9t\u00e9 saisies par le titulaire respectif et sont v\u00e9ridiques et exactes.<\/p>\n<p>Le responsable du traitement traite les donn\u00e9es des utilisateurs de mani\u00e8re appropri\u00e9e et prendra les mesures de s\u00e9curit\u00e9 appropri\u00e9es pour emp\u00eacher l&rsquo;acc\u00e8s, la divulgation, la modification ou la destruction non autoris\u00e9e des donn\u00e9es.<\/p>\n<p>Le traitement des donn\u00e9es est effectu\u00e9 \u00e0 l&rsquo;aide d&rsquo;ordinateurs et\/ou d&rsquo;outils activ\u00e9s, selon des proc\u00e9dures organisationnelles et des moyens strictement li\u00e9s aux finalit\u00e9s indiqu\u00e9es.<\/p>\n<p><strong>Droit d&rsquo;acc\u00e8s<\/strong><\/p>\n<p>Conform\u00e9ment aux dispositions de la<strong> loi n\u00b0 67\/98 du 26 octobre, article 11, loi sur la protection des donn\u00e9es personnelles<\/strong>, la personne concern\u00e9e a le droit d&rsquo;obtenir du responsable du traitement, librement et sans restrictions, avec une fr\u00e9quence raisonnable et sans d\u00e9lais excessifs ou frais:<\/p>\n<ol>\n<li>a) Confirmation du traitement ou non des donn\u00e9es vous concernant, ainsi que des informations sur les finalit\u00e9s d&rsquo;un tel traitement, les cat\u00e9gories de donn\u00e9es auxquelles elles se rapportent et les destinataires ou cat\u00e9gories de destinataires auxquels les donn\u00e9es sont communiqu\u00e9es ;<br \/>b) Communication, sous une forme intelligible, de vos donn\u00e9es soumises au traitement et de toute information disponible sur l&rsquo;origine de ces donn\u00e9es ;<br \/>c) Connaissance de la logique qui sous-tend le traitement automatis\u00e9 des donn\u00e9es vous concernant ;<br \/>d) La rectification, l&rsquo;effacement ou le blocage des donn\u00e9es dont le traitement n&rsquo;est pas conforme aux dispositions de la pr\u00e9sente loi, notamment en raison du caract\u00e8re incomplet ou inexact de ces donn\u00e9es ;<br \/>e) Notification aux tiers auxquels les donn\u00e9es ont \u00e9t\u00e9 communiqu\u00e9es de toute rectification, effacement ou blocage effectu\u00e9 conform\u00e9ment au paragraphe d), sauf si cela s&rsquo;av\u00e8re impossible.<\/li>\n<\/ol>\n<p>Le titulaire doit demander l&rsquo;acc\u00e8s aux donn\u00e9es par le biais d&rsquo;une demande \u00e9crite adress\u00e9e \u00e0 <strong>Do It Better Consulting Lda<\/strong> par les moyens suivants:<\/p>\n<p><strong>Lettre recommand\u00e9e avec accus\u00e9 de r\u00e9ception<\/strong> : Avenue Almirante Reis, n\u00ba 91, Lojas A et B. 1150-013 Lisbonne<br \/><strong>E-mail<\/strong>:\u00a0<a href=\"mailto:geral@doitbetter.pt\">geral@doitbetter.pt<\/a><br \/><strong>Site:<\/strong>\u00a0\u00a0<a href=\"http:\/\/www.doitbetter.pt\/\">www.doitbetter.pt<\/a><\/p>\n<p><strong>Les utilisateurs ont \u00e9galement le droit, \u00e0 tout moment:<\/strong><\/p>\n<ul>\n<li>Savoir si vos Donn\u00e9es Personnelles ont \u00e9t\u00e9 stock\u00e9es;<\/li>\n<li>Consulter le Responsable du traitement pour en savoir plus sur le contenu, l&rsquo;origine et l&rsquo;exactitude de vos Donn\u00e9es personnelles;<\/li>\n<li>Demander que vos donn\u00e9es personnelles soient mises \u00e0 jour, corrig\u00e9es ou annul\u00e9es;<\/li>\n<li>Demander que vos donn\u00e9es personnelles restent anonymes;<\/li>\n<li>Bloquer toute donn\u00e9e d\u00e9tenue en violation de la loi;<\/li>\n<li>Vous opposer au traitement de vos Donn\u00e9es Personnelles pour tout motif l\u00e9gitime.<\/li>\n<\/ul>\n<p><strong>Communication de donn\u00e9es<\/strong><\/p>\n<p><strong>Do It Better Consulting Lda<\/strong> peut communiquer vos donn\u00e9es personnelles \u00e0 des tiers \u00e0 condition d&rsquo;avoir obtenu \u00e0 cet effet le consentement sans \u00e9quivoque des utilisateurs ou m\u00eame lorsque la transmission est effectu\u00e9e dans le cadre du respect d&rsquo;une obligation l\u00e9gale, d&rsquo;une d\u00e9lib\u00e9ration de la <strong>Nationale Politique de protection des donn\u00e9es<\/strong> de la Commission ou une ordonnance du tribunal ; soit la communication est effectu\u00e9e pour prot\u00e9ger les int\u00e9r\u00eats vitaux des Utilisateurs ou toute autre finalit\u00e9 l\u00e9gitime pr\u00e9vue par la loi.<\/p>\n<p><strong>Modifications de la politique de confidentialit\u00e9<\/strong><\/p>\n<p>Le Responsable du traitement se r\u00e9serve le droit d&rsquo;apporter des modifications \u00e0 cette <strong>Politique de confidentialit\u00e9<\/strong> \u00e0 tout moment, en la communiquant imm\u00e9diatement \u00e0 ses utilisateurs sur cette page. Il est fortement recommand\u00e9 de consulter fr\u00e9quemment cette page. Si l&rsquo;utilisateur n&rsquo;est pas d&rsquo;accord avec l&rsquo;une des modifications, il doit cesser d&rsquo;utiliser cette page et, s&rsquo;il le souhaite, demander au responsable du traitement de supprimer ses donn\u00e9es personnelles. Sauf indication contraire, la <strong>Politique de confidentialit\u00e9<\/strong> actuelle s&rsquo;applique \u00e0 toutes les donn\u00e9es personnelles dont le Responsable du traitement dispose sur les utilisateurs.<\/p>\n<p>De plus amples d\u00e9tails sur la collecte ou le traitement des <strong>donn\u00e9es personnelles<\/strong> peuvent \u00eatre demand\u00e9s \u00e0 tout moment au responsable du traitement en utilisant les coordonn\u00e9es mentionn\u00e9es ci-dessus.<\/p>\n","protected":false},"excerpt":{"rendered":"<p>Cadre Do It Better Consulting Lda assure la protection des donn\u00e9es de ses clients et visiteurs de ce site. Ainsi, et conform\u00e9ment aux dispositions du R\u00e8glement G\u00e9n\u00e9ral sur la Protection des Donn\u00e9es (RGPD \u2013 R\u00e8glement [UE] 2016\/679 du Parlement europ\u00e9en &hellip; <\/p>\n","protected":false},"author":76,"featured_media":0,"parent":0,"menu_order":0,"comment_status":"closed","ping_status":"open","template":"","meta":{"footnotes":""},"class_list":["post-158206","page","type-page","status-publish","hentry"],"yoast_head":"<!-- This site is optimized with the Yoast SEO plugin v27.6 - https:\/\/yoast.com\/product\/yoast-seo-wordpress\/ -->\n<title>Politique de Confidentialit\u00e9 - Do It Better!<\/title>\n<meta name=\"robots\" content=\"index, follow, max-snippet:-1, max-image-preview:large, max-video-preview:-1\" \/>\n<link rel=\"canonical\" href=\"https:\/\/dibsite.sa-server.com\/fr\/politique-de-confidentialite\/\" \/>\n<meta property=\"og:locale\" content=\"fr_FR\" \/>\n<meta property=\"og:type\" content=\"article\" \/>\n<meta property=\"og:title\" content=\"Politique de Confidentialit\u00e9 - Do It Better!\" \/>\n<meta property=\"og:description\" content=\"Cadre Do It Better Consulting Lda assure la protection des donn\u00e9es de ses clients et visiteurs de ce site. Ainsi, et conform\u00e9ment aux dispositions du R\u00e8glement G\u00e9n\u00e9ral sur la Protection des Donn\u00e9es (RGPD \u2013 R\u00e8glement [UE] 2016\/679 du Parlement europ\u00e9en &hellip;\" \/>\n<meta property=\"og:url\" content=\"https:\/\/dibsite.sa-server.com\/fr\/politique-de-confidentialite\/\" \/>\n<meta property=\"og:site_name\" content=\"Do It Better!\" \/>\n<meta property=\"article:publisher\" content=\"https:\/\/www.facebook.com\/doitbetter.pt\" \/>\n<meta property=\"article:modified_time\" content=\"2024-03-18T15:17:51+00:00\" \/>\n<meta property=\"og:image\" content=\"https:\/\/dibsite.sa-server.com\/wp-content\/uploads\/2020\/12\/cropped-icone.png\" \/>\n\t<meta property=\"og:image:width\" content=\"512\" \/>\n\t<meta property=\"og:image:height\" content=\"512\" \/>\n\t<meta property=\"og:image:type\" content=\"image\/png\" \/>\n<meta name=\"twitter:card\" content=\"summary_large_image\" \/>\n<meta name=\"twitter:label1\" content=\"Dur\u00e9e de lecture estim\u00e9e\" \/>\n\t<meta name=\"twitter:data1\" content=\"7 minutes\" \/>\n<script type=\"application\/ld+json\" class=\"yoast-schema-graph\">{\"@context\":\"https:\\\/\\\/schema.org\",\"@graph\":[{\"@type\":\"WebPage\",\"@id\":\"https:\\\/\\\/dibsite.sa-server.com\\\/fr\\\/politique-de-confidentialite\\\/\",\"url\":\"https:\\\/\\\/dibsite.sa-server.com\\\/fr\\\/politique-de-confidentialite\\\/\",\"name\":\"Politique de Confidentialit\u00e9 - Do It Better!\",\"isPartOf\":{\"@id\":\"https:\\\/\\\/dibsite.sa-server.com\\\/fr\\\/#website\"},\"datePublished\":\"2020-11-17T17:39:52+00:00\",\"dateModified\":\"2024-03-18T15:17:51+00:00\",\"breadcrumb\":{\"@id\":\"https:\\\/\\\/dibsite.sa-server.com\\\/fr\\\/politique-de-confidentialite\\\/#breadcrumb\"},\"inLanguage\":\"fr-FR\",\"potentialAction\":[{\"@type\":\"ReadAction\",\"target\":[\"https:\\\/\\\/dibsite.sa-server.com\\\/fr\\\/politique-de-confidentialite\\\/\"]}]},{\"@type\":\"BreadcrumbList\",\"@id\":\"https:\\\/\\\/dibsite.sa-server.com\\\/fr\\\/politique-de-confidentialite\\\/#breadcrumb\",\"itemListElement\":[{\"@type\":\"ListItem\",\"position\":1,\"name\":\"In\u00edcio\",\"item\":\"https:\\\/\\\/dibsite.sa-server.com\\\/fr\\\/\"},{\"@type\":\"ListItem\",\"position\":2,\"name\":\"Politique de Confidentialit\u00e9\"}]},{\"@type\":\"WebSite\",\"@id\":\"https:\\\/\\\/dibsite.sa-server.com\\\/fr\\\/#website\",\"url\":\"https:\\\/\\\/dibsite.sa-server.com\\\/fr\\\/\",\"name\":\"Do It Better!\",\"description\":\"Forma\u00e7\u00e3o Certificada\",\"publisher\":{\"@id\":\"https:\\\/\\\/dibsite.sa-server.com\\\/fr\\\/#organization\"},\"potentialAction\":[{\"@type\":\"SearchAction\",\"target\":{\"@type\":\"EntryPoint\",\"urlTemplate\":\"https:\\\/\\\/dibsite.sa-server.com\\\/fr\\\/?s={search_term_string}\"},\"query-input\":{\"@type\":\"PropertyValueSpecification\",\"valueRequired\":true,\"valueName\":\"search_term_string\"}}],\"inLanguage\":\"fr-FR\"},{\"@type\":\"Organization\",\"@id\":\"https:\\\/\\\/dibsite.sa-server.com\\\/fr\\\/#organization\",\"name\":\"Do It Better - Centro de Forma\u00e7\u00e3o Profissional\",\"url\":\"https:\\\/\\\/dibsite.sa-server.com\\\/fr\\\/\",\"logo\":{\"@type\":\"ImageObject\",\"inLanguage\":\"fr-FR\",\"@id\":\"https:\\\/\\\/dibsite.sa-server.com\\\/fr\\\/#\\\/schema\\\/logo\\\/image\\\/\",\"url\":\"https:\\\/\\\/doitbetter.pt\\\/wp-content\\\/uploads\\\/2021\\\/03\\\/Logo-Assinatura.png\",\"contentUrl\":\"https:\\\/\\\/doitbetter.pt\\\/wp-content\\\/uploads\\\/2021\\\/03\\\/Logo-Assinatura.png\",\"width\":155,\"height\":54,\"caption\":\"Do It Better - Centro de Forma\u00e7\u00e3o Profissional\"},\"image\":{\"@id\":\"https:\\\/\\\/dibsite.sa-server.com\\\/fr\\\/#\\\/schema\\\/logo\\\/image\\\/\"},\"sameAs\":[\"https:\\\/\\\/www.facebook.com\\\/doitbetter.pt\"]}]}<\/script>\n<!-- \/ Yoast SEO plugin. -->","yoast_head_json":{"title":"Politique de Confidentialit\u00e9 - Do It Better!","robots":{"index":"index","follow":"follow","max-snippet":"max-snippet:-1","max-image-preview":"max-image-preview:large","max-video-preview":"max-video-preview:-1"},"canonical":"https:\/\/dibsite.sa-server.com\/fr\/politique-de-confidentialite\/","og_locale":"fr_FR","og_type":"article","og_title":"Politique de Confidentialit\u00e9 - Do It Better!","og_description":"Cadre Do It Better Consulting Lda assure la protection des donn\u00e9es de ses clients et visiteurs de ce site. Ainsi, et conform\u00e9ment aux dispositions du R\u00e8glement G\u00e9n\u00e9ral sur la Protection des Donn\u00e9es (RGPD \u2013 R\u00e8glement [UE] 2016\/679 du Parlement europ\u00e9en &hellip;","og_url":"https:\/\/dibsite.sa-server.com\/fr\/politique-de-confidentialite\/","og_site_name":"Do It Better!","article_publisher":"https:\/\/www.facebook.com\/doitbetter.pt","article_modified_time":"2024-03-18T15:17:51+00:00","og_image":[{"width":512,"height":512,"url":"https:\/\/dibsite.sa-server.com\/wp-content\/uploads\/2020\/12\/cropped-icone.png","type":"image\/png"}],"twitter_card":"summary_large_image","twitter_misc":{"Dur\u00e9e de lecture estim\u00e9e":"7 minutes"},"schema":{"@context":"https:\/\/schema.org","@graph":[{"@type":"WebPage","@id":"https:\/\/dibsite.sa-server.com\/fr\/politique-de-confidentialite\/","url":"https:\/\/dibsite.sa-server.com\/fr\/politique-de-confidentialite\/","name":"Politique de Confidentialit\u00e9 - Do It Better!","isPartOf":{"@id":"https:\/\/dibsite.sa-server.com\/fr\/#website"},"datePublished":"2020-11-17T17:39:52+00:00","dateModified":"2024-03-18T15:17:51+00:00","breadcrumb":{"@id":"https:\/\/dibsite.sa-server.com\/fr\/politique-de-confidentialite\/#breadcrumb"},"inLanguage":"fr-FR","potentialAction":[{"@type":"ReadAction","target":["https:\/\/dibsite.sa-server.com\/fr\/politique-de-confidentialite\/"]}]},{"@type":"BreadcrumbList","@id":"https:\/\/dibsite.sa-server.com\/fr\/politique-de-confidentialite\/#breadcrumb","itemListElement":[{"@type":"ListItem","position":1,"name":"In\u00edcio","item":"https:\/\/dibsite.sa-server.com\/fr\/"},{"@type":"ListItem","position":2,"name":"Politique de Confidentialit\u00e9"}]},{"@type":"WebSite","@id":"https:\/\/dibsite.sa-server.com\/fr\/#website","url":"https:\/\/dibsite.sa-server.com\/fr\/","name":"Do It Better!","description":"Forma\u00e7\u00e3o Certificada","publisher":{"@id":"https:\/\/dibsite.sa-server.com\/fr\/#organization"},"potentialAction":[{"@type":"SearchAction","target":{"@type":"EntryPoint","urlTemplate":"https:\/\/dibsite.sa-server.com\/fr\/?s={search_term_string}"},"query-input":{"@type":"PropertyValueSpecification","valueRequired":true,"valueName":"search_term_string"}}],"inLanguage":"fr-FR"},{"@type":"Organization","@id":"https:\/\/dibsite.sa-server.com\/fr\/#organization","name":"Do It Better - Centro de Forma\u00e7\u00e3o Profissional","url":"https:\/\/dibsite.sa-server.com\/fr\/","logo":{"@type":"ImageObject","inLanguage":"fr-FR","@id":"https:\/\/dibsite.sa-server.com\/fr\/#\/schema\/logo\/image\/","url":"https:\/\/doitbetter.pt\/wp-content\/uploads\/2021\/03\/Logo-Assinatura.png","contentUrl":"https:\/\/doitbetter.pt\/wp-content\/uploads\/2021\/03\/Logo-Assinatura.png","width":155,"height":54,"caption":"Do It Better - Centro de Forma\u00e7\u00e3o Profissional"},"image":{"@id":"https:\/\/dibsite.sa-server.com\/fr\/#\/schema\/logo\/image\/"},"sameAs":["https:\/\/www.facebook.com\/doitbetter.pt"]}]}},"_links":{"self":[{"href":"https:\/\/dibsite.sa-server.com\/fr\/wp-json\/wp\/v2\/pages\/158206","targetHints":{"allow":["GET"]}}],"collection":[{"href":"https:\/\/dibsite.sa-server.com\/fr\/wp-json\/wp\/v2\/pages"}],"about":[{"href":"https:\/\/dibsite.sa-server.com\/fr\/wp-json\/wp\/v2\/types\/page"}],"author":[{"embeddable":true,"href":"https:\/\/dibsite.sa-server.com\/fr\/wp-json\/wp\/v2\/users\/76"}],"replies":[{"embeddable":true,"href":"https:\/\/dibsite.sa-server.com\/fr\/wp-json\/wp\/v2\/comments?post=158206"}],"version-history":[{"count":4,"href":"https:\/\/dibsite.sa-server.com\/fr\/wp-json\/wp\/v2\/pages\/158206\/revisions"}],"predecessor-version":[{"id":158211,"href":"https:\/\/dibsite.sa-server.com\/fr\/wp-json\/wp\/v2\/pages\/158206\/revisions\/158211"}],"wp:attachment":[{"href":"https:\/\/dibsite.sa-server.com\/fr\/wp-json\/wp\/v2\/media?parent=158206"}],"curies":[{"name":"wp","href":"https:\/\/api.w.org\/{rel}","templated":true}]}}