{"id":158256,"date":"2024-03-18T17:44:24","date_gmt":"2024-03-18T17:44:24","guid":{"rendered":"https:\/\/doitbetter.pt\/?page_id=158256"},"modified":"2024-04-16T16:09:59","modified_gmt":"2024-04-16T15:09:59","slug":"partenariats","status":"publish","type":"page","link":"https:\/\/dibsite.sa-server.com\/fr\/partenariats\/","title":{"rendered":"Partenariats"},"content":{"rendered":"\t\t<div data-elementor-type=\"wp-page\" data-elementor-id=\"158256\" class=\"elementor elementor-158256 elementor-16329\" data-elementor-post-type=\"page\">\n\t\t\t\t\t\t<section class=\"elementor-section elementor-top-section elementor-element elementor-element-7c26bb90 elementor-section-boxed elementor-section-height-default elementor-section-height-default\" data-id=\"7c26bb90\" data-element_type=\"section\" data-e-type=\"section\">\n\t\t\t\t\t\t<div class=\"elementor-container elementor-column-gap-default\">\n\t\t\t\t\t<div class=\"elementor-column elementor-col-100 elementor-top-column elementor-element elementor-element-7c0c6a6b\" data-id=\"7c0c6a6b\" data-element_type=\"column\" data-e-type=\"column\">\n\t\t\t<div class=\"elementor-widget-wrap elementor-element-populated\">\n\t\t\t\t\t\t<div class=\"elementor-element elementor-element-7d5331fd elementor-widget elementor-widget-text-editor\" data-id=\"7d5331fd\" data-element_type=\"widget\" data-e-type=\"widget\" data-widget_type=\"text-editor.default\">\n\t\t\t\t<div class=\"elementor-widget-container\">\n\t\t\t\t\t\t\t\t\t<p>[vc_row][vc_column][vc_row_inner][vc_column_inner width=\u00a0\u00bb1\/3&Prime;][vc_single_image image=\u00a0\u00bb16304&Prime; img_size=\u00a0\u00bbfull\u00a0\u00bb alignment=\u00a0\u00bbcenter\u00a0\u00bb][\/vc_column_inner][vc_column_inner width=\u00a0\u00bb2\/3&Prime;][vc_column_text]A APEFOR \u2013 L&rsquo;Association portugaise des entit\u00e9s de formation \u00e0 laquelle nous appartenons a \u00e9t\u00e9 officiellement cr\u00e9\u00e9e en 2018 et sa mission est de repr\u00e9senter les entit\u00e9s de formation aupr\u00e8s des autorit\u00e9s portugaises et europ\u00e9ennes et de d\u00e9fendre les politiques d&rsquo;\u00e9ducation et de formation des adultes.[\/vc_column_text][\/vc_column_inner][\/vc_row_inner][vc_empty_space][vc_row_inner][vc_column_inner width=\u00a0\u00bb1\/3&Prime;][vc_single_image image=\u00a0\u00bb18474&Prime; img_size=\u00a0\u00bbfull\u00a0\u00bb alignment=\u00a0\u00bbcenter\u00a0\u00bb][\/vc_column_inner][vc_column_inner width=\u00a0\u00bb2\/3&Prime;][vc_column_text]Strong Charon est une entreprise portugaise de solutions de s\u00e9curit\u00e9 qui repr\u00e9sente l&rsquo;offre de services de s\u00e9curit\u00e9 priv\u00e9e la plus vaste et la plus diff\u00e9renciante du march\u00e9, en se concentrant sur la conception de solutions int\u00e9gr\u00e9es de surveillance humaine et de technologies de pointe.[\/vc_column_text][\/vc_column_inner][vc_column_inner][vc_empty_space][\/vc_column_inner][\/vc_row_inner][vc_row_inner][vc_column_inner width=\u00a0\u00bb1\/3&Prime;][vc_single_image image=\u00a0\u00bb18480&Prime; img_size=\u00a0\u00bbfull\u00a0\u00bb alignment=\u00a0\u00bbcenter\u00a0\u00bb][\/vc_column_inner][vc_column_inner width=\u00a0\u00bb2\/3&Prime;][vc_column_text]Le groupe Vila Gal\u00e9 est l&rsquo;un des principaux groupes h\u00f4teliers portugais et fait partie du classement des 182 plus grandes soci\u00e9t\u00e9s h\u00f4teli\u00e8res mondiales. Elle est compos\u00e9e de plusieurs entreprises, parmi lesquelles se distingue, par sa taille et son importance, VILA GAL\u00c9 \u2013 Sociedade de Empreendimentos Tur\u00edsticos, S.A., qui fait partie du Raking 1 des entreprises portugaises.<\/p><p>Cette soci\u00e9t\u00e9, cr\u00e9\u00e9e en 1986, se consacre \u00e0 l&rsquo;exploration et \u00e0 la gestion de toutes les unit\u00e9s h\u00f4teli\u00e8res qui composent le groupe ainsi qu&rsquo;\u00e0 la r\u00e9alisation de projets et \u00e0 la construction de nouveaux d\u00e9veloppements touristiques.<\/p><p>Le groupe Vila Gal\u00e9 est actuellement responsable de la gestion de 37 unit\u00e9s h\u00f4teli\u00e8res : 27 au Portugal (Algarve, Beja, \u00c9vora, Elvas, Alter do Ch\u00e3o, Oeiras, Cascais, Sintra, Ericeira, Estoril, Lisbonne, Coimbra, Serra da Estrela, Porto, Braga). , Douro et Mad\u00e8re) et 10 au Br\u00e9sil (Rio de Janeiro, Fortaleza, Caucaia, Salvador, Guarajuba, Cabo de Santo Agostinho, Touros, Angra dos Reis et S\u00e3o Paulo), avec un total de 8 002 chambres et 18 260 lits.<\/p><p>[\/vc_column_text][\/vc_column_inner][vc_column_inner][vc_empty_space][\/vc_column_inner][\/vc_row_inner][vc_row_inner][vc_column_inner width=\u00a0\u00bb1\/3&Prime;][vc_single_image image=\u00a0\u00bb18482&Prime; img_size=\u00a0\u00bbfull\u00a0\u00bb alignment=\u00a0\u00bbcenter\u00a0\u00bb][\/vc_column_inner][vc_column_inner width=\u00a0\u00bb2\/3&Prime;][vc_column_text]<\/p><p>En 2005, Body Concept d\u00e9cide de cr\u00e9er au Portugal une nouvelle fa\u00e7on de concevoir les soins de sant\u00e9 et de beaut\u00e9, en apportant \u00e0 un march\u00e9 sous-d\u00e9velopp\u00e9 et inaccessible un nouveau concept d&rsquo;esth\u00e9tique avec qualit\u00e9, r\u00e9sultats et auquel la majorit\u00e9 des femmes pourraient acc\u00e9der.<\/p><p>L&rsquo;objectif de Body Concept est de d\u00e9mocratiser la beaut\u00e9 en permettant \u00e0 toutes les femmes de prendre soin d&rsquo;elles-m\u00eames, gr\u00e2ce \u00e0 une technologie de pointe et des professionnels sp\u00e9cialis\u00e9s, mais toujours dans une approche smart-cost.<\/p><p>Cette nouvelle fa\u00e7on d&rsquo;envisager la beaut\u00e9 \u00e9tait un pari gagnant, comme en t\u00e9moigne la croissance du r\u00e9seau de cliniques, en franchise, avec plus de 50 unit\u00e9s du nord au sud du pays.<\/p><p>[\/vc_column_text][\/vc_column_inner][vc_column_inner][\/vc_column_inner][\/vc_row_inner][vc_row_inner][vc_column_inner width=\u00a0\u00bb1\/3&Prime;][vc_single_image image=\u00a0\u00bb18387&Prime; img_size=\u00a0\u00bbfull\u00a0\u00bb alignment=\u00a0\u00bbcenter\u00a0\u00bb][\/vc_column_inner][vc_column_inner width=\u00a0\u00bb2\/3&Prime;][vc_column_text]<\/p><p>L&rsquo;Association Socioprofessionnelle appara\u00eet avec un objectif tr\u00e8s concret de comprendre la n\u00e9cessit\u00e9 de rendre digne la S\u00e9curit\u00e9 Priv\u00e9e.<\/p><p>L&rsquo;ASSP est n\u00e9e de toutes pi\u00e8ces, du fait de la n\u00e9cessit\u00e9 d&rsquo;un statut socio-professionnel pour le secteur de la S\u00e9curit\u00e9 Priv\u00e9e.<\/p><p>[\/vc_column_text][\/vc_column_inner][vc_column_inner][vc_empty_space][\/vc_column_inner][\/vc_row_inner][vc_row_inner][vc_column_inner width=\u00a0\u00bb1\/3&Prime;][vc_single_image image=\u00a0\u00bb18486&Prime; img_size=\u00a0\u00bbfull\u00a0\u00bb alignment=\u00a0\u00bbcenter\u00a0\u00bb][\/vc_column_inner][vc_column_inner width=\u00a0\u00bb2\/3&Prime;][vc_column_text]Situ\u00e9 au c\u0153ur de Quinta do Lago, Four Seasons Fairways est l&rsquo;un des complexes h\u00f4teliers les plus prestigieux de <span style=\"text-decoration: underline;\">l&rsquo;Algarve<\/span>, \u00e0 quelques minutes seulement de l&rsquo;a\u00e9roport international de Faro.<\/p><p>[\/vc_column_text][\/vc_column_inner][\/vc_row_inner][vc_empty_space][vc_row_inner][vc_column_inner width=\u00a0\u00bb1\/3&Prime;][vc_single_image image=\u00a0\u00bb18488&Prime; img_size=\u00a0\u00bbfull\u00a0\u00bb alignment=\u00a0\u00bbcenter\u00a0\u00bb][\/vc_column_inner][vc_column_inner width=\u00a0\u00bb2\/3&Prime;][vc_column_text]Le <strong>Clube Desportivo Arrifanense<\/strong> est un club portugais, bas\u00e9 dans la ville d&rsquo;Arrifana, municipalit\u00e9 de Santa Maria da Feira, district d&rsquo;Aveiro.<\/p><p>[\/vc_column_text][\/vc_column_inner][\/vc_row_inner][vc_empty_space][vc_row_inner][vc_column_inner width=\u00a0\u00bb1\/3&Prime;][vc_single_image image=\u00a0\u00bb18497&Prime; img_size=\u00a0\u00bbfull\u00a0\u00bb alignment=\u00a0\u00bbcenter\u00a0\u00bb][\/vc_column_inner][vc_column_inner width=\u00a0\u00bb2\/3&Prime;][vc_column_text]<\/p><p>Espa\u00e7o Casa est une entreprise portugaise, leader dans le commerce de d\u00e9tail sp\u00e9cialis\u00e9 et la vente d&rsquo;utilitaires et d&rsquo;articles m\u00e9nagers, alliant toujours qualit\u00e9 et prix bas.<\/p><p>Notre marque est n\u00e9e en 2006, avec l&rsquo;ouverture de notre premier magasin, situ\u00e9 \u00e0 Sobreda. Depuis, nous avons consolid\u00e9 notre position sur le march\u00e9 et aupr\u00e8s des clients, avec d\u00e9sormais 54 magasins r\u00e9partis dans tout le pays, 26 en Espagne et 8 en Angola.<\/p><p>[\/vc_column_text][\/vc_column_inner][\/vc_row_inner][vc_empty_space][vc_row_inner][vc_column_inner width=\u00a0\u00bb1\/3&Prime;][vc_single_image image=\u00a0\u00bb18500&Prime; img_size=\u00a0\u00bbfull\u00a0\u00bb alignment=\u00a0\u00bbcenter\u00a0\u00bb][\/vc_column_inner][vc_column_inner width=\u00a0\u00bb2\/3&Prime;][vc_column_text]<\/p><div class=\"column\">Plus grand r\u00e9seau de franchise immobili\u00e8re au monde \u2013 fond\u00e9 en 1971, il compte plus de 10 000 agences dans 88 pays, avec plus de 130 000 agents qui le repr\u00e9sentent. La marque C21 est l&rsquo;un des principaux piliers de s\u00e9rieux, de confiance et de connaissance en mati\u00e8re d&rsquo;activit\u00e9 immobili\u00e8re. La reconnaissance du march\u00e9 mondial aide C21 \u00e0 renforcer sa position de marque immobili\u00e8re la plus performante au niveau local.<\/div><div class=\"column\">\u00a0<\/div><p>[\/vc_column_text][\/vc_column_inner][\/vc_row_inner][vc_row_inner][vc_column_inner width=\u00a0\u00bb1\/3&Prime;][vc_single_image image=\u00a0\u00bb19147&Prime; img_size=\u00a0\u00bbfull\u00a0\u00bb alignment=\u00a0\u00bbcenter\u00a0\u00bb][\/vc_column_inner][vc_column_inner width=\u00a0\u00bb2\/3&Prime;][vc_column_text]Depuis une d\u00e9cennie, Smile.up, le plus grand r\u00e9seau de cliniques dentaires du pays, remplit sa mission et son objectif de cr\u00e9er plus de sourires pour les Portugais. 2021 est une ann\u00e9e de c\u00e9l\u00e9brations, o\u00f9 10 ans d&rsquo;histoire sont rejoints par le \u00ab Consumer Choice \u00bb, \u00ab Excellentia Choice \u00bb et le \u00ab Five Star Award \u00bb.[\/vc_column_text][vc_column_text]<\/p><div class=\"column\">\u00a0<\/div><div class=\"column\">\u00a0<\/div><p>[\/vc_column_text][\/vc_column_inner][\/vc_row_inner][vc_empty_space][vc_row_inner][vc_column_inner width=\u00a0\u00bb1\/3&Prime;][vc_single_image image=\u00a0\u00bb19064&Prime; img_size=\u00a0\u00bbfull\u00a0\u00bb alignment=\u00a0\u00bbcenter\u00a0\u00bb][\/vc_column_inner][vc_column_inner width=\u00a0\u00bb2\/3&Prime;][vc_column_text]<\/p><div class=\"column\"><section class=\"body-text aos-init aos-animate\" data-aos=\"fade-up\"><div class=\"text\"><p class=\"p1\">Cl\u00ednica Santa Madalena est un groupe de cliniques dentaires avec plus de 25 ans d&rsquo;activit\u00e9. Le groupe est compos\u00e9 de 19 grandes cliniques r\u00e9parties sur tout le Portugal avec plus de 180 cabinets dentaires. Elle dispose \u00e9galement d&rsquo;une \u00e9quipe de plus de 400 Dentistes et Hygi\u00e9nistes Buccaux, organis\u00e9s en \u00e9quipes multidisciplinaires, couvrant tous les domaines de la Dentisterie et une large gamme d&rsquo;assurances et de conventions.<\/p><\/div><\/section><\/div><div class=\"column\">\u00a0<\/div><p>[\/vc_column_text][\/vc_column_inner][\/vc_row_inner][vc_empty_space][vc_row_inner][vc_column_inner width=\u00a0\u00bb1\/3&Prime;][vc_single_image image=\u00a0\u00bb19400&Prime; img_size=\u00a0\u00bbfull\u00a0\u00bb alignment=\u00a0\u00bbcenter\u00a0\u00bb][\/vc_column_inner][vc_column_inner width=\u00a0\u00bb2\/3&Prime;][vc_column_text]<\/p><div class=\"column\"><section class=\"body-text aos-init aos-animate\" data-aos=\"fade-up\"><div class=\"text\"><p class=\"p1\">Tout a commenc\u00e9 en 1984 dans un petit magasin au rez-de-chauss\u00e9e de la Rua Dr. Fern\u00e3o Ornelas, \u00e0 Funchal. Alberto Caires fonde ensuite le 1er magasin Alberto Oculista, marquant le d\u00e9but de l&rsquo;une des plus grandes marques d&rsquo;optique au Portugal, dont la mission est un engagement total envers le client. Cherchant constamment \u00e0 am\u00e9liorer votre qualit\u00e9 de vie.<\/p><\/div><\/section><\/div><div class=\"column\">\u00a0<\/div><p>[\/vc_column_text][\/vc_column_inner][\/vc_row_inner][\/vc_column][\/vc_row]<\/p>\t\t\t\t\t\t\t\t<\/div>\n\t\t\t\t<\/div>\n\t\t\t\t\t<\/div>\n\t\t<\/div>\n\t\t\t\t\t<\/div>\n\t\t<\/section>\n\t\t\t\t<\/div>\n\t\t","protected":false},"excerpt":{"rendered":"<p>[vc_row][vc_column][vc_row_inner][vc_column_inner width=\u00a0\u00bb1\/3&Prime;][vc_single_image image=\u00a0\u00bb16304&Prime; img_size=\u00a0\u00bbfull\u00a0\u00bb alignment=\u00a0\u00bbcenter\u00a0\u00bb][\/vc_column_inner][vc_column_inner width=\u00a0\u00bb2\/3&Prime;][vc_column_text]A APEFOR \u2013 Associa\u00e7\u00e3o Portuguesa de Entidades Formadoras \u00e0 qual pertencemos, foi constitu\u00edda oficialmente em 2018 e tem como miss\u00e3o representar as entidades formadoras junto das autoridades portuguesas e europeias e defender as pol\u00edticas de &hellip; <\/p>\n","protected":false},"author":76,"featured_media":0,"parent":0,"menu_order":0,"comment_status":"closed","ping_status":"open","template":"","meta":{"footnotes":""},"class_list":["post-158256","page","type-page","status-publish","hentry"],"yoast_head":"<!-- This site is optimized with the Yoast SEO plugin v27.6 - https:\/\/yoast.com\/product\/yoast-seo-wordpress\/ -->\n<title>Partenariats - Do It Better!<\/title>\n<meta name=\"robots\" content=\"index, follow, max-snippet:-1, max-image-preview:large, max-video-preview:-1\" \/>\n<link rel=\"canonical\" href=\"https:\/\/dibsite.sa-server.com\/fr\/partenariats\/\" \/>\n<meta property=\"og:locale\" content=\"fr_FR\" \/>\n<meta property=\"og:type\" content=\"article\" \/>\n<meta property=\"og:title\" content=\"Partenariats - Do It Better!\" \/>\n<meta property=\"og:description\" content=\"[vc_row][vc_column][vc_row_inner][vc_column_inner width=\u00a0\u00bb1\/3&Prime;][vc_single_image image=\u00a0\u00bb16304&Prime; img_size=\u00a0\u00bbfull\u00a0\u00bb alignment=\u00a0\u00bbcenter\u00a0\u00bb][\/vc_column_inner][vc_column_inner width=\u00a0\u00bb2\/3&Prime;][vc_column_text]A APEFOR \u2013 Associa\u00e7\u00e3o Portuguesa de Entidades Formadoras \u00e0 qual pertencemos, foi constitu\u00edda oficialmente em 2018 e tem como miss\u00e3o representar as entidades formadoras junto das autoridades portuguesas e europeias e defender as pol\u00edticas de &hellip;\" \/>\n<meta property=\"og:url\" content=\"https:\/\/dibsite.sa-server.com\/fr\/partenariats\/\" \/>\n<meta property=\"og:site_name\" content=\"Do It Better!\" \/>\n<meta property=\"article:publisher\" content=\"https:\/\/www.facebook.com\/doitbetter.pt\" \/>\n<meta property=\"article:modified_time\" content=\"2024-04-16T15:09:59+00:00\" \/>\n<meta property=\"og:image\" content=\"https:\/\/dibsite.sa-server.com\/wp-content\/uploads\/2020\/12\/cropped-icone.png\" \/>\n\t<meta property=\"og:image:width\" content=\"512\" \/>\n\t<meta property=\"og:image:height\" content=\"512\" \/>\n\t<meta property=\"og:image:type\" content=\"image\/png\" \/>\n<meta name=\"twitter:card\" content=\"summary_large_image\" \/>\n<meta name=\"twitter:label1\" content=\"Dur\u00e9e de lecture estim\u00e9e\" \/>\n\t<meta name=\"twitter:data1\" content=\"6 minutes\" \/>\n<script type=\"application\/ld+json\" class=\"yoast-schema-graph\">{\"@context\":\"https:\\\/\\\/schema.org\",\"@graph\":[{\"@type\":\"WebPage\",\"@id\":\"https:\\\/\\\/dibsite.sa-server.com\\\/fr\\\/partenariats\\\/\",\"url\":\"https:\\\/\\\/dibsite.sa-server.com\\\/fr\\\/partenariats\\\/\",\"name\":\"Partenariats - Do It Better!\",\"isPartOf\":{\"@id\":\"https:\\\/\\\/dibsite.sa-server.com\\\/fr\\\/#website\"},\"datePublished\":\"2024-03-18T17:44:24+00:00\",\"dateModified\":\"2024-04-16T15:09:59+00:00\",\"breadcrumb\":{\"@id\":\"https:\\\/\\\/dibsite.sa-server.com\\\/fr\\\/partenariats\\\/#breadcrumb\"},\"inLanguage\":\"fr-FR\",\"potentialAction\":[{\"@type\":\"ReadAction\",\"target\":[\"https:\\\/\\\/dibsite.sa-server.com\\\/fr\\\/partenariats\\\/\"]}]},{\"@type\":\"BreadcrumbList\",\"@id\":\"https:\\\/\\\/dibsite.sa-server.com\\\/fr\\\/partenariats\\\/#breadcrumb\",\"itemListElement\":[{\"@type\":\"ListItem\",\"position\":1,\"name\":\"In\u00edcio\",\"item\":\"https:\\\/\\\/dibsite.sa-server.com\\\/fr\\\/\"},{\"@type\":\"ListItem\",\"position\":2,\"name\":\"Partenariats\"}]},{\"@type\":\"WebSite\",\"@id\":\"https:\\\/\\\/dibsite.sa-server.com\\\/fr\\\/#website\",\"url\":\"https:\\\/\\\/dibsite.sa-server.com\\\/fr\\\/\",\"name\":\"Do It Better!\",\"description\":\"Forma\u00e7\u00e3o Certificada\",\"publisher\":{\"@id\":\"https:\\\/\\\/dibsite.sa-server.com\\\/fr\\\/#organization\"},\"potentialAction\":[{\"@type\":\"SearchAction\",\"target\":{\"@type\":\"EntryPoint\",\"urlTemplate\":\"https:\\\/\\\/dibsite.sa-server.com\\\/fr\\\/?s={search_term_string}\"},\"query-input\":{\"@type\":\"PropertyValueSpecification\",\"valueRequired\":true,\"valueName\":\"search_term_string\"}}],\"inLanguage\":\"fr-FR\"},{\"@type\":\"Organization\",\"@id\":\"https:\\\/\\\/dibsite.sa-server.com\\\/fr\\\/#organization\",\"name\":\"Do It Better - Centro de Forma\u00e7\u00e3o Profissional\",\"url\":\"https:\\\/\\\/dibsite.sa-server.com\\\/fr\\\/\",\"logo\":{\"@type\":\"ImageObject\",\"inLanguage\":\"fr-FR\",\"@id\":\"https:\\\/\\\/dibsite.sa-server.com\\\/fr\\\/#\\\/schema\\\/logo\\\/image\\\/\",\"url\":\"https:\\\/\\\/doitbetter.pt\\\/wp-content\\\/uploads\\\/2021\\\/03\\\/Logo-Assinatura.png\",\"contentUrl\":\"https:\\\/\\\/doitbetter.pt\\\/wp-content\\\/uploads\\\/2021\\\/03\\\/Logo-Assinatura.png\",\"width\":155,\"height\":54,\"caption\":\"Do It Better - Centro de Forma\u00e7\u00e3o Profissional\"},\"image\":{\"@id\":\"https:\\\/\\\/dibsite.sa-server.com\\\/fr\\\/#\\\/schema\\\/logo\\\/image\\\/\"},\"sameAs\":[\"https:\\\/\\\/www.facebook.com\\\/doitbetter.pt\"]}]}<\/script>\n<!-- \/ Yoast SEO plugin. -->","yoast_head_json":{"title":"Partenariats - Do It Better!","robots":{"index":"index","follow":"follow","max-snippet":"max-snippet:-1","max-image-preview":"max-image-preview:large","max-video-preview":"max-video-preview:-1"},"canonical":"https:\/\/dibsite.sa-server.com\/fr\/partenariats\/","og_locale":"fr_FR","og_type":"article","og_title":"Partenariats - Do It Better!","og_description":"[vc_row][vc_column][vc_row_inner][vc_column_inner width=\u00a0\u00bb1\/3&Prime;][vc_single_image image=\u00a0\u00bb16304&Prime; img_size=\u00a0\u00bbfull\u00a0\u00bb alignment=\u00a0\u00bbcenter\u00a0\u00bb][\/vc_column_inner][vc_column_inner width=\u00a0\u00bb2\/3&Prime;][vc_column_text]A APEFOR \u2013 Associa\u00e7\u00e3o Portuguesa de Entidades Formadoras \u00e0 qual pertencemos, foi constitu\u00edda oficialmente em 2018 e tem como miss\u00e3o representar as entidades formadoras junto das autoridades portuguesas e europeias e defender as pol\u00edticas de &hellip;","og_url":"https:\/\/dibsite.sa-server.com\/fr\/partenariats\/","og_site_name":"Do It Better!","article_publisher":"https:\/\/www.facebook.com\/doitbetter.pt","article_modified_time":"2024-04-16T15:09:59+00:00","og_image":[{"width":512,"height":512,"url":"https:\/\/dibsite.sa-server.com\/wp-content\/uploads\/2020\/12\/cropped-icone.png","type":"image\/png"}],"twitter_card":"summary_large_image","twitter_misc":{"Dur\u00e9e de lecture estim\u00e9e":"6 minutes"},"schema":{"@context":"https:\/\/schema.org","@graph":[{"@type":"WebPage","@id":"https:\/\/dibsite.sa-server.com\/fr\/partenariats\/","url":"https:\/\/dibsite.sa-server.com\/fr\/partenariats\/","name":"Partenariats - Do It Better!","isPartOf":{"@id":"https:\/\/dibsite.sa-server.com\/fr\/#website"},"datePublished":"2024-03-18T17:44:24+00:00","dateModified":"2024-04-16T15:09:59+00:00","breadcrumb":{"@id":"https:\/\/dibsite.sa-server.com\/fr\/partenariats\/#breadcrumb"},"inLanguage":"fr-FR","potentialAction":[{"@type":"ReadAction","target":["https:\/\/dibsite.sa-server.com\/fr\/partenariats\/"]}]},{"@type":"BreadcrumbList","@id":"https:\/\/dibsite.sa-server.com\/fr\/partenariats\/#breadcrumb","itemListElement":[{"@type":"ListItem","position":1,"name":"In\u00edcio","item":"https:\/\/dibsite.sa-server.com\/fr\/"},{"@type":"ListItem","position":2,"name":"Partenariats"}]},{"@type":"WebSite","@id":"https:\/\/dibsite.sa-server.com\/fr\/#website","url":"https:\/\/dibsite.sa-server.com\/fr\/","name":"Do It Better!","description":"Forma\u00e7\u00e3o Certificada","publisher":{"@id":"https:\/\/dibsite.sa-server.com\/fr\/#organization"},"potentialAction":[{"@type":"SearchAction","target":{"@type":"EntryPoint","urlTemplate":"https:\/\/dibsite.sa-server.com\/fr\/?s={search_term_string}"},"query-input":{"@type":"PropertyValueSpecification","valueRequired":true,"valueName":"search_term_string"}}],"inLanguage":"fr-FR"},{"@type":"Organization","@id":"https:\/\/dibsite.sa-server.com\/fr\/#organization","name":"Do It Better - Centro de Forma\u00e7\u00e3o Profissional","url":"https:\/\/dibsite.sa-server.com\/fr\/","logo":{"@type":"ImageObject","inLanguage":"fr-FR","@id":"https:\/\/dibsite.sa-server.com\/fr\/#\/schema\/logo\/image\/","url":"https:\/\/doitbetter.pt\/wp-content\/uploads\/2021\/03\/Logo-Assinatura.png","contentUrl":"https:\/\/doitbetter.pt\/wp-content\/uploads\/2021\/03\/Logo-Assinatura.png","width":155,"height":54,"caption":"Do It Better - Centro de Forma\u00e7\u00e3o Profissional"},"image":{"@id":"https:\/\/dibsite.sa-server.com\/fr\/#\/schema\/logo\/image\/"},"sameAs":["https:\/\/www.facebook.com\/doitbetter.pt"]}]}},"_links":{"self":[{"href":"https:\/\/dibsite.sa-server.com\/fr\/wp-json\/wp\/v2\/pages\/158256","targetHints":{"allow":["GET"]}}],"collection":[{"href":"https:\/\/dibsite.sa-server.com\/fr\/wp-json\/wp\/v2\/pages"}],"about":[{"href":"https:\/\/dibsite.sa-server.com\/fr\/wp-json\/wp\/v2\/types\/page"}],"author":[{"embeddable":true,"href":"https:\/\/dibsite.sa-server.com\/fr\/wp-json\/wp\/v2\/users\/76"}],"replies":[{"embeddable":true,"href":"https:\/\/dibsite.sa-server.com\/fr\/wp-json\/wp\/v2\/comments?post=158256"}],"version-history":[{"count":8,"href":"https:\/\/dibsite.sa-server.com\/fr\/wp-json\/wp\/v2\/pages\/158256\/revisions"}],"predecessor-version":[{"id":161668,"href":"https:\/\/dibsite.sa-server.com\/fr\/wp-json\/wp\/v2\/pages\/158256\/revisions\/161668"}],"wp:attachment":[{"href":"https:\/\/dibsite.sa-server.com\/fr\/wp-json\/wp\/v2\/media?parent=158256"}],"curies":[{"name":"wp","href":"https:\/\/api.w.org\/{rel}","templated":true}]}}