{"id":158265,"date":"2024-03-18T18:11:37","date_gmt":"2024-03-18T18:11:37","guid":{"rendered":"https:\/\/doitbetter.pt\/?page_id=158265"},"modified":"2024-03-18T18:14:58","modified_gmt":"2024-03-18T18:14:58","slug":"politique-de-cookies","status":"publish","type":"page","link":"https:\/\/dibsite.sa-server.com\/fr\/politique-de-cookies\/","title":{"rendered":"Politique de cookies"},"content":{"rendered":"\t\t<div data-elementor-type=\"wp-page\" data-elementor-id=\"158265\" class=\"elementor elementor-158265 elementor-12869\" data-elementor-post-type=\"page\">\n\t\t\t\t\t\t<section class=\"elementor-section elementor-top-section elementor-element elementor-element-7315e48 elementor-section-boxed elementor-section-height-default elementor-section-height-default\" data-id=\"7315e48\" data-element_type=\"section\" data-e-type=\"section\">\n\t\t\t\t\t\t<div class=\"elementor-container elementor-column-gap-default\">\n\t\t\t\t\t<div class=\"elementor-column elementor-col-100 elementor-top-column elementor-element elementor-element-6b06128\" data-id=\"6b06128\" data-element_type=\"column\" data-e-type=\"column\">\n\t\t\t<div class=\"elementor-widget-wrap elementor-element-populated\">\n\t\t\t\t\t\t<div class=\"elementor-element elementor-element-9526f27 elementor-widget elementor-widget-text-editor\" data-id=\"9526f27\" data-element_type=\"widget\" data-e-type=\"widget\" data-widget_type=\"text-editor.default\">\n\t\t\t\t<div class=\"elementor-widget-container\">\n\t\t\t\t\t\t\t\t\t<p>[vc_row][vc_column][vc_column_text]<\/p><p><strong>Que sont les cookies?<\/strong><\/p><p>Les cookies sont de petites unit\u00e9s de donn\u00e9es stock\u00e9es sur l&rsquo;appareil de l&rsquo;Utilisateur.<\/p><p><strong>A quoi servent les cookies?<\/strong><\/p><p>Ils aident le site Web \u00e0 m\u00e9moriser des informations sur votre visite, telles que votre langue pr\u00e9f\u00e9r\u00e9e et d&rsquo;autres param\u00e8tres. Cela peut faciliter votre prochaine visite et rendre le site Web plus utile pour vous. Les cookies jouent un r\u00f4le important en augmentant l\u2019efficacit\u00e9 de la navigation sur les sites Web.<\/p><p><strong>Pourquoi utilisons-nous des cookies?<\/strong><\/p><p>L&rsquo;utilisation de Cookies sur Internet est courante et ne nuit pas \u00e0 l&rsquo;ordinateur des utilisateurs. Les cookies remplissent plusieurs fonctions, notamment aider les responsables du site Internet \u00e0 comprendre comment celui-ci est utilis\u00e9, faciliter la navigation, enregistrer vos pr\u00e9f\u00e9rences et, de mani\u00e8re g\u00e9n\u00e9rale, am\u00e9liorer votre exp\u00e9rience utilisateur. De cette fa\u00e7on, nous essayons de garantir que le site Web vous pr\u00e9sente un contenu pertinent.<\/p><p><strong>Quel type de cookies utilisons-nous?<\/strong><\/p><p><strong>Cookies relatifs aux donn\u00e9es d&rsquo;utilisation:<\/strong><\/p><p><strong>Cookies permanents \u2013<\/strong> ce sont des cookies qui sont stock\u00e9s au niveau du navigateur sur vos appareils d&rsquo;acc\u00e8s (PC, mobile et tablette) et sont utilis\u00e9s chaque fois que vous effectuez une nouvelle visite sur l&rsquo;un de nos sites Internet. Ils sont g\u00e9n\u00e9ralement utilis\u00e9s pour orienter la navigation selon les int\u00e9r\u00eats de l&rsquo;utilisateur, nous permettant ainsi de fournir un service plus personnalis\u00e9.<\/p><p><strong>Cookies de session \u2013<\/strong> ce sont des cookies temporaires qui restent dans le fichier cookie de votre navigateur jusqu&rsquo;\u00e0 ce que vous quittiez le site Web. Les informations obtenues par ces cookies sont utilis\u00e9es pour analyser les mod\u00e8les de trafic Web, nous permettant d&rsquo;identifier les probl\u00e8mes et d&rsquo;offrir une meilleure exp\u00e9rience de navigation.<\/p><p><strong>Est-il possible de d\u00e9sactiver l&rsquo;utilisation des cookies ?<\/strong><\/p><p>Les cookies peuvent \u00eatre d\u00e9sactiv\u00e9s dans votre navigateur. Cependant, la d\u00e9sactivation des cookies peut emp\u00eacher certains services web de fonctionner correctement, affectant partiellement ou totalement votre navigation sur le site.<\/p><p>Si vous souhaitez bloquer ou supprimer les cookies de ce site Web, vous pouvez le faire en modifiant les param\u00e8tres de votre navigateur. Bien que la d\u00e9sactivation puisse varier selon le navigateur, il est courant de pouvoir la faire dans le menu \u00ab Pr\u00e9f\u00e9rences \u00bb ou \u00ab Outils \u00bb. Pour plus de d\u00e9tails sur le param\u00e9trage des cookies, vous pouvez toujours consulter le menu \u00ab Aide \u00bb de votre navigateur.<\/p><p><strong>Information l\u00e9gale<\/strong><\/p><p>Avis aux utilisateurs europ\u00e9ens : cette d\u00e9claration de confidentialit\u00e9 a \u00e9t\u00e9 r\u00e9dig\u00e9e dans le respect des obligations pr\u00e9vues \u00e0 l&rsquo;art. n.10 de la Directive 95\/46\/CE, et conform\u00e9ment aux dispositions de la Directive 2002\/58\/CE, telle que r\u00e9vis\u00e9e par la Directive 2009\/136\/CE, au sujet des Cookies<\/p><p>[\/vc_column_text][\/vc_column][\/vc_row]<\/p>\t\t\t\t\t\t\t\t<\/div>\n\t\t\t\t<\/div>\n\t\t\t\t\t<\/div>\n\t\t<\/div>\n\t\t\t\t\t<\/div>\n\t\t<\/section>\n\t\t\t\t<\/div>\n\t\t","protected":false},"excerpt":{"rendered":"<p>[vc_row][vc_column][vc_column_text] Que sont les cookies? Les cookies sont de petites unit\u00e9s de donn\u00e9es stock\u00e9es sur l&rsquo;appareil de l&rsquo;Utilisateur. A quoi servent les cookies? Ils aident le site Web \u00e0 m\u00e9moriser des informations sur votre visite, telles que votre langue pr\u00e9f\u00e9r\u00e9e &hellip; <\/p>\n","protected":false},"author":4,"featured_media":0,"parent":0,"menu_order":0,"comment_status":"closed","ping_status":"open","template":"","meta":{"footnotes":""},"class_list":["post-158265","page","type-page","status-publish","hentry"],"yoast_head":"<!-- This site is optimized with the Yoast SEO plugin v27.6 - https:\/\/yoast.com\/product\/yoast-seo-wordpress\/ -->\n<title>Politique de cookies - Do It Better!<\/title>\n<meta name=\"robots\" content=\"index, follow, max-snippet:-1, max-image-preview:large, max-video-preview:-1\" \/>\n<link rel=\"canonical\" href=\"https:\/\/dibsite.sa-server.com\/fr\/politique-de-cookies\/\" \/>\n<meta property=\"og:locale\" content=\"fr_FR\" \/>\n<meta property=\"og:type\" content=\"article\" \/>\n<meta property=\"og:title\" content=\"Politique de cookies - Do It Better!\" \/>\n<meta property=\"og:description\" content=\"[vc_row][vc_column][vc_column_text] Que sont les cookies? Les cookies sont de petites unit\u00e9s de donn\u00e9es stock\u00e9es sur l&rsquo;appareil de l&rsquo;Utilisateur. A quoi servent les cookies? Ils aident le site Web \u00e0 m\u00e9moriser des informations sur votre visite, telles que votre langue pr\u00e9f\u00e9r\u00e9e &hellip;\" \/>\n<meta property=\"og:url\" content=\"https:\/\/dibsite.sa-server.com\/fr\/politique-de-cookies\/\" \/>\n<meta property=\"og:site_name\" content=\"Do It Better!\" \/>\n<meta property=\"article:publisher\" content=\"https:\/\/www.facebook.com\/doitbetter.pt\" \/>\n<meta property=\"article:modified_time\" content=\"2024-03-18T18:14:58+00:00\" \/>\n<meta property=\"og:image\" content=\"https:\/\/dibsite.sa-server.com\/wp-content\/uploads\/2020\/12\/cropped-icone.png\" \/>\n\t<meta property=\"og:image:width\" content=\"512\" \/>\n\t<meta property=\"og:image:height\" content=\"512\" \/>\n\t<meta property=\"og:image:type\" content=\"image\/png\" \/>\n<meta name=\"twitter:card\" content=\"summary_large_image\" \/>\n<meta name=\"twitter:label1\" content=\"Dur\u00e9e de lecture estim\u00e9e\" \/>\n\t<meta name=\"twitter:data1\" content=\"2 minutes\" \/>\n<script type=\"application\/ld+json\" class=\"yoast-schema-graph\">{\"@context\":\"https:\\\/\\\/schema.org\",\"@graph\":[{\"@type\":\"WebPage\",\"@id\":\"https:\\\/\\\/dibsite.sa-server.com\\\/fr\\\/politique-de-cookies\\\/\",\"url\":\"https:\\\/\\\/dibsite.sa-server.com\\\/fr\\\/politique-de-cookies\\\/\",\"name\":\"Politique de cookies - Do It Better!\",\"isPartOf\":{\"@id\":\"https:\\\/\\\/dibsite.sa-server.com\\\/fr\\\/#website\"},\"datePublished\":\"2024-03-18T18:11:37+00:00\",\"dateModified\":\"2024-03-18T18:14:58+00:00\",\"breadcrumb\":{\"@id\":\"https:\\\/\\\/dibsite.sa-server.com\\\/fr\\\/politique-de-cookies\\\/#breadcrumb\"},\"inLanguage\":\"fr-FR\",\"potentialAction\":[{\"@type\":\"ReadAction\",\"target\":[\"https:\\\/\\\/dibsite.sa-server.com\\\/fr\\\/politique-de-cookies\\\/\"]}]},{\"@type\":\"BreadcrumbList\",\"@id\":\"https:\\\/\\\/dibsite.sa-server.com\\\/fr\\\/politique-de-cookies\\\/#breadcrumb\",\"itemListElement\":[{\"@type\":\"ListItem\",\"position\":1,\"name\":\"In\u00edcio\",\"item\":\"https:\\\/\\\/dibsite.sa-server.com\\\/fr\\\/\"},{\"@type\":\"ListItem\",\"position\":2,\"name\":\"Politique de cookies\"}]},{\"@type\":\"WebSite\",\"@id\":\"https:\\\/\\\/dibsite.sa-server.com\\\/fr\\\/#website\",\"url\":\"https:\\\/\\\/dibsite.sa-server.com\\\/fr\\\/\",\"name\":\"Do It Better!\",\"description\":\"Forma\u00e7\u00e3o Certificada\",\"publisher\":{\"@id\":\"https:\\\/\\\/dibsite.sa-server.com\\\/fr\\\/#organization\"},\"potentialAction\":[{\"@type\":\"SearchAction\",\"target\":{\"@type\":\"EntryPoint\",\"urlTemplate\":\"https:\\\/\\\/dibsite.sa-server.com\\\/fr\\\/?s={search_term_string}\"},\"query-input\":{\"@type\":\"PropertyValueSpecification\",\"valueRequired\":true,\"valueName\":\"search_term_string\"}}],\"inLanguage\":\"fr-FR\"},{\"@type\":\"Organization\",\"@id\":\"https:\\\/\\\/dibsite.sa-server.com\\\/fr\\\/#organization\",\"name\":\"Do It Better - Centro de Forma\u00e7\u00e3o Profissional\",\"url\":\"https:\\\/\\\/dibsite.sa-server.com\\\/fr\\\/\",\"logo\":{\"@type\":\"ImageObject\",\"inLanguage\":\"fr-FR\",\"@id\":\"https:\\\/\\\/dibsite.sa-server.com\\\/fr\\\/#\\\/schema\\\/logo\\\/image\\\/\",\"url\":\"https:\\\/\\\/doitbetter.pt\\\/wp-content\\\/uploads\\\/2021\\\/03\\\/Logo-Assinatura.png\",\"contentUrl\":\"https:\\\/\\\/doitbetter.pt\\\/wp-content\\\/uploads\\\/2021\\\/03\\\/Logo-Assinatura.png\",\"width\":155,\"height\":54,\"caption\":\"Do It Better - Centro de Forma\u00e7\u00e3o Profissional\"},\"image\":{\"@id\":\"https:\\\/\\\/dibsite.sa-server.com\\\/fr\\\/#\\\/schema\\\/logo\\\/image\\\/\"},\"sameAs\":[\"https:\\\/\\\/www.facebook.com\\\/doitbetter.pt\"]}]}<\/script>\n<!-- \/ Yoast SEO plugin. -->","yoast_head_json":{"title":"Politique de cookies - Do It Better!","robots":{"index":"index","follow":"follow","max-snippet":"max-snippet:-1","max-image-preview":"max-image-preview:large","max-video-preview":"max-video-preview:-1"},"canonical":"https:\/\/dibsite.sa-server.com\/fr\/politique-de-cookies\/","og_locale":"fr_FR","og_type":"article","og_title":"Politique de cookies - Do It Better!","og_description":"[vc_row][vc_column][vc_column_text] Que sont les cookies? Les cookies sont de petites unit\u00e9s de donn\u00e9es stock\u00e9es sur l&rsquo;appareil de l&rsquo;Utilisateur. A quoi servent les cookies? Ils aident le site Web \u00e0 m\u00e9moriser des informations sur votre visite, telles que votre langue pr\u00e9f\u00e9r\u00e9e &hellip;","og_url":"https:\/\/dibsite.sa-server.com\/fr\/politique-de-cookies\/","og_site_name":"Do It Better!","article_publisher":"https:\/\/www.facebook.com\/doitbetter.pt","article_modified_time":"2024-03-18T18:14:58+00:00","og_image":[{"width":512,"height":512,"url":"https:\/\/dibsite.sa-server.com\/wp-content\/uploads\/2020\/12\/cropped-icone.png","type":"image\/png"}],"twitter_card":"summary_large_image","twitter_misc":{"Dur\u00e9e de lecture estim\u00e9e":"2 minutes"},"schema":{"@context":"https:\/\/schema.org","@graph":[{"@type":"WebPage","@id":"https:\/\/dibsite.sa-server.com\/fr\/politique-de-cookies\/","url":"https:\/\/dibsite.sa-server.com\/fr\/politique-de-cookies\/","name":"Politique de cookies - Do It Better!","isPartOf":{"@id":"https:\/\/dibsite.sa-server.com\/fr\/#website"},"datePublished":"2024-03-18T18:11:37+00:00","dateModified":"2024-03-18T18:14:58+00:00","breadcrumb":{"@id":"https:\/\/dibsite.sa-server.com\/fr\/politique-de-cookies\/#breadcrumb"},"inLanguage":"fr-FR","potentialAction":[{"@type":"ReadAction","target":["https:\/\/dibsite.sa-server.com\/fr\/politique-de-cookies\/"]}]},{"@type":"BreadcrumbList","@id":"https:\/\/dibsite.sa-server.com\/fr\/politique-de-cookies\/#breadcrumb","itemListElement":[{"@type":"ListItem","position":1,"name":"In\u00edcio","item":"https:\/\/dibsite.sa-server.com\/fr\/"},{"@type":"ListItem","position":2,"name":"Politique de cookies"}]},{"@type":"WebSite","@id":"https:\/\/dibsite.sa-server.com\/fr\/#website","url":"https:\/\/dibsite.sa-server.com\/fr\/","name":"Do It Better!","description":"Forma\u00e7\u00e3o Certificada","publisher":{"@id":"https:\/\/dibsite.sa-server.com\/fr\/#organization"},"potentialAction":[{"@type":"SearchAction","target":{"@type":"EntryPoint","urlTemplate":"https:\/\/dibsite.sa-server.com\/fr\/?s={search_term_string}"},"query-input":{"@type":"PropertyValueSpecification","valueRequired":true,"valueName":"search_term_string"}}],"inLanguage":"fr-FR"},{"@type":"Organization","@id":"https:\/\/dibsite.sa-server.com\/fr\/#organization","name":"Do It Better - Centro de Forma\u00e7\u00e3o Profissional","url":"https:\/\/dibsite.sa-server.com\/fr\/","logo":{"@type":"ImageObject","inLanguage":"fr-FR","@id":"https:\/\/dibsite.sa-server.com\/fr\/#\/schema\/logo\/image\/","url":"https:\/\/doitbetter.pt\/wp-content\/uploads\/2021\/03\/Logo-Assinatura.png","contentUrl":"https:\/\/doitbetter.pt\/wp-content\/uploads\/2021\/03\/Logo-Assinatura.png","width":155,"height":54,"caption":"Do It Better - Centro de Forma\u00e7\u00e3o Profissional"},"image":{"@id":"https:\/\/dibsite.sa-server.com\/fr\/#\/schema\/logo\/image\/"},"sameAs":["https:\/\/www.facebook.com\/doitbetter.pt"]}]}},"_links":{"self":[{"href":"https:\/\/dibsite.sa-server.com\/fr\/wp-json\/wp\/v2\/pages\/158265","targetHints":{"allow":["GET"]}}],"collection":[{"href":"https:\/\/dibsite.sa-server.com\/fr\/wp-json\/wp\/v2\/pages"}],"about":[{"href":"https:\/\/dibsite.sa-server.com\/fr\/wp-json\/wp\/v2\/types\/page"}],"author":[{"embeddable":true,"href":"https:\/\/dibsite.sa-server.com\/fr\/wp-json\/wp\/v2\/users\/4"}],"replies":[{"embeddable":true,"href":"https:\/\/dibsite.sa-server.com\/fr\/wp-json\/wp\/v2\/comments?post=158265"}],"version-history":[{"count":4,"href":"https:\/\/dibsite.sa-server.com\/fr\/wp-json\/wp\/v2\/pages\/158265\/revisions"}],"predecessor-version":[{"id":158270,"href":"https:\/\/dibsite.sa-server.com\/fr\/wp-json\/wp\/v2\/pages\/158265\/revisions\/158270"}],"wp:attachment":[{"href":"https:\/\/dibsite.sa-server.com\/fr\/wp-json\/wp\/v2\/media?parent=158265"}],"curies":[{"name":"wp","href":"https:\/\/api.w.org\/{rel}","templated":true}]}}