{"id":158271,"date":"2024-03-18T18:17:48","date_gmt":"2024-03-18T18:17:48","guid":{"rendered":"https:\/\/doitbetter.pt\/?page_id=158271"},"modified":"2024-04-19T15:55:35","modified_gmt":"2024-04-19T14:55:35","slug":"questions-courantes","status":"publish","type":"page","link":"https:\/\/dibsite.sa-server.com\/fr\/questions-courantes\/","title":{"rendered":"Questions courantes"},"content":{"rendered":"\t\t<div data-elementor-type=\"wp-post\" data-elementor-id=\"158271\" class=\"elementor elementor-158271 elementor-91\" data-elementor-post-type=\"page\">\n\t\t\t\t\t\t<section class=\"elementor-section elementor-top-section elementor-element elementor-element-eec9892 elementor-section-boxed elementor-section-height-default elementor-section-height-default\" data-id=\"eec9892\" data-element_type=\"section\" data-e-type=\"section\">\n\t\t\t\t\t\t<div class=\"elementor-container elementor-column-gap-default\">\n\t\t\t\t\t<div class=\"elementor-column elementor-col-100 elementor-top-column elementor-element elementor-element-bc6a7df\" data-id=\"bc6a7df\" data-element_type=\"column\" data-e-type=\"column\">\n\t\t\t<div class=\"elementor-widget-wrap elementor-element-populated\">\n\t\t\t\t\t\t<div class=\"elementor-element elementor-element-6ff2307 thim-ekits-heading-text-center elementor-widget thim-ekits-heading elementor-widget-thim-heading\" data-id=\"6ff2307\" data-element_type=\"widget\" data-e-type=\"widget\" data-widget_type=\"thim-heading.default\">\n\t\t\t\t<div class=\"elementor-widget-container\">\n\t\t\t\t\t<div class=\"sc_heading text-center\"><h3 class=\"title\">\nQuestions courantes <\/h3><div class=\"sub-heading\"><p>Nous r\u00e9pondons \u00e0 toutes vos questions<\/p>\n<\/div><span class=\"line\"><\/span><\/div>\t\t\t\t<\/div>\n\t\t\t\t<\/div>\n\t\t\t\t\t<\/div>\n\t\t<\/div>\n\t\t\t\t\t<\/div>\n\t\t<\/section>\n\t\t\t\t<section class=\"elementor-section elementor-top-section elementor-element elementor-element-074acf2 elementor-section-boxed elementor-section-height-default elementor-section-height-default\" data-id=\"074acf2\" data-element_type=\"section\" data-e-type=\"section\">\n\t\t\t\t\t\t<div class=\"elementor-container elementor-column-gap-default\">\n\t\t\t\t\t<div class=\"elementor-column elementor-col-100 elementor-top-column elementor-element elementor-element-db257a6\" data-id=\"db257a6\" data-element_type=\"column\" data-e-type=\"column\">\n\t\t\t<div class=\"elementor-widget-wrap elementor-element-populated\">\n\t\t\t\t\t\t<div class=\"elementor-element elementor-element-a5b4eb8 elementor-widget elementor-widget-text-editor\" data-id=\"a5b4eb8\" data-element_type=\"widget\" data-e-type=\"widget\" data-widget_type=\"text-editor.default\">\n\t\t\t\t<div class=\"elementor-widget-container\">\n\t\t\t\t\t\t\t\t\t<p><div class=\"arconix-faq-accordion-wrap\"><div id=\"faq-161950\" class=\"arconix-faq-accordion-title\">Comment puis-je m&rsquo;inscrire \u00e0 vos cours?<\/div><div id=\"faq-Commentpuis-jemrsquoinscrirevoscours\" class=\"arconix-faq-accordion-content\"><p>Le processus d&rsquo;inscription peut se faire via le num\u00e9ro g\u00e9n\u00e9ral <span style=\"font-weight: 400;\">212 741 588, o\u00f9 vous recevrez<\/span> toutes les informations pour vous inscrire rapidement et sans complications.<\/p>\n<\/div><\/div><br \/><div class=\"arconix-faq-accordion-wrap\"><div id=\"faq-161949\" class=\"arconix-faq-accordion-title\">Comment puis-je \u00eatre stagiaire?<\/div><div id=\"faq-Commentpuis-jetrestagiaire\" class=\"arconix-faq-accordion-content\"><p>Vous pouvez \u00eatre formateur via notre site www.doitbetter.pt et envoyer votre CV dans le champ \u00ab Voulez-vous devenir formateur Do It Better \u00bb? Rejoignez-nous!<\/p>\n<div class=\"elementor-element elementor-element-c3d8599 elementor-widget elementor-widget-thim-heading\" data-id=\"c3d8599\" data-element_type=\"widget\" data-widget_type=\"thim-heading.default\">\n<div class=\"elementor-widget-container\">\n<div class=\"thim-widget-heading template-base\">\n<div class=\"sc_heading text-center\"><\/div>\n<\/div>\n<\/div>\n<\/div>\n<div class=\"elementor-element elementor-element-f8a3dde elementor-align-center elementor-widget elementor-widget-button\" data-id=\"f8a3dde\" data-element_type=\"widget\" data-widget_type=\"button.default\">\n<div class=\"elementor-widget-container\">\n<div class=\"elementor-button-wrapper\"><\/div>\n<\/div>\n<\/div>\n<\/div><\/div><br \/><div class=\"arconix-faq-accordion-wrap\"><div id=\"faq-161948\" class=\"arconix-faq-accordion-title\">Puis-je retirer ou annuler mon inscription?<\/div><div id=\"faq-Puis-jeretirerouannulermoninscription\" class=\"arconix-faq-accordion-content\"><p>Chez Do It Better, nos stagiaires passent avant tout, c&rsquo;est pourquoi nous essayons de r\u00e9pondre \u00e0 toutes leurs demandes. Ainsi, toutes les situations sont \u00e9valu\u00e9es au cas par cas, en vue de r\u00e9pondre efficacement aux besoins, aux impr\u00e9vus et aux motivations de chaque stagiaire.<\/p>\n<\/div><\/div><br \/><div class=\"arconix-faq-accordion-wrap\"><div id=\"faq-161947\" class=\"arconix-faq-accordion-title\">Comment puis-je payer?<\/div><div id=\"faq-Commentpuis-jepayer\" class=\"arconix-faq-accordion-content\"><p>Vous pouvez effectuer le paiement en esp\u00e8ces, au guichet automatique, par virement ou par ch\u00e8que.<\/p>\n<\/div><\/div><br \/><div class=\"arconix-faq-accordion-wrap\"><div id=\"faq-161946\" class=\"arconix-faq-accordion-title\">Je vis en dehors du Portugal, puis-je suivre l&rsquo;un de vos cours?<\/div><div id=\"faq-JevisendehorsduPortugalpuis-jesuivrelrsquoundevoscours\" class=\"arconix-faq-accordion-content\"><p>Oui. Certains cours peuvent effectivement \u00eatre suivis \u00e0 distance. Dans tous les cas, et au cas par cas, nous chercherons \u00e0 r\u00e9pondre efficacement en apportant des alternatives et des r\u00e9ponses concr\u00e8tes pour chaque parcours personnel et professionnel.<\/p>\n<\/div><\/div><br \/><div class=\"arconix-faq-accordion-wrap\"><div id=\"faq-161945\" class=\"arconix-faq-accordion-title\">Dans les cours E-learning, comment puis-je clarifier les questions avec le tuteur?<\/div><div id=\"faq-DanslescoursE-learningcommentpuis-jeclarifierlesquestionsavecletuteur\" class=\"arconix-faq-accordion-content\"><p>Vous pouvez clarifier vos questions via des chats sur le forum et sur Moodle, par courrier \u00e9lectronique et, dans la plupart des cours, dans les sessions synchrones disponibles, un espace d\u00e9di\u00e9 aux questions et doutes des stagiaires.<\/p>\n<\/div><\/div><br \/><div class=\"arconix-faq-accordion-wrap\"><div id=\"faq-161944\" class=\"arconix-faq-accordion-title\">Dans une formation E-learning, combien de fois dois-je me rendre au Centre de Formation?<\/div><div id=\"faq-DansuneformationE-learningcombiendefoisdois-jemerendreauCentredeFormation\" class=\"arconix-faq-accordion-content\"><p>Dans une formation E-learning, combien de fois dois-je me rendre au Centre de Formation?<\/p>\n<\/div><\/div><br \/><div class=\"arconix-faq-accordion-wrap\"><div id=\"faq-161943\" class=\"arconix-faq-accordion-title\">Y a-t-il une limite aux absences?<\/div><div id=\"faq-Ya-t-ilunelimiteauxabsences\" class=\"arconix-faq-accordion-content\"><p>The absence limit varies from course to course (Consult the center&rsquo;s Pedagogical Coordination for more information).<\/p>\n<\/div><\/div><br \/><div class=\"arconix-faq-accordion-wrap\"><div id=\"faq-161942\" class=\"arconix-faq-accordion-title\">Quelle est la m\u00e9thodologie d\u2019\u00e9valuation adopt\u00e9e dans vos cours?<\/div><div id=\"faq-Quelleestlamthodologiedvaluationadoptedansvoscours\" class=\"arconix-faq-accordion-content\"><p>Dans la plupart de nos cours dispens\u00e9s chez Do It Better, nous adoptons la m\u00e9thodologie 360, une m\u00e9thodologie qui permet aux stagiaires d&rsquo;acqu\u00e9rir des comp\u00e9tences techniques et pratiques, personnelles et professionnelles qui, selon nous, seront une valeur ajout\u00e9e pour l&rsquo;int\u00e9gration sur le march\u00e9 du travail.<\/p>\n<\/div><\/div><br \/><div class=\"arconix-faq-accordion-wrap\"><div id=\"faq-161941\" class=\"arconix-faq-accordion-title\">Qui sont les formateurs?<\/div><div id=\"faq-Quisontlesformateurs\" class=\"arconix-faq-accordion-content\"><p>Chez Do It Better, nous s\u00e9lectionnons les professionnels les plus qualifi\u00e9s du march\u00e9 avec des ann\u00e9es d&rsquo;exp\u00e9rience et une formation acad\u00e9mique et p\u00e9dagogique qui, selon nous, font la diff\u00e9rence dans la formation de nos stagiaires.<\/p>\n<\/div><\/div><br \/><div class=\"arconix-faq-accordion-wrap\"><div id=\"faq-161940\" class=\"arconix-faq-accordion-title\">Quel est l\u2019avantage de DO IT BETTER ?<\/div><div id=\"faq-QuelestlavantagedeDOITBETTER\" class=\"arconix-faq-accordion-content\"><p>Do It Better est sur le march\u00e9 depuis plus de 14 ans.<\/p>\n<p>&nbsp;<\/p>\n<p>La formation en ligne<\/p>\n<p>&nbsp;<\/p>\n<p>Bourse de stage, bourse de partenariat avec des entit\u00e9s qui nous permet d&rsquo;avoir un r\u00e9seau de contacts important qui augmente de fa\u00e7on exponentielle la r\u00e9ussite de nos stagiaires<\/p>\n<\/div><\/div><br \/><div class=\"arconix-faq-accordion-wrap\"><div id=\"faq-161939\" class=\"arconix-faq-accordion-title\">Do It Better propose-t-il des subventions \u00e0 l&#8217;emploi associ\u00e9es aux dipl\u00f4m\u00e9s?<\/div><div id=\"faq-DoItBetterpropose-t-ildessubventionsl8217emploiassociesauxdiplms\" class=\"arconix-faq-accordion-content\"><p>Nous disposons d\u2019un important r\u00e9seau d\u2019entit\u00e9s partenaires qui facilitent l\u2019int\u00e9gration sur le march\u00e9 du travail.<\/p>\n<\/div><\/div><br \/><div class=\"arconix-faq-accordion-wrap\"><div id=\"faq-161938\" class=\"arconix-faq-accordion-title\">Y a-t-il des frais associ\u00e9s \u00e0 l&rsquo;inscription \u00e0 vos cours?<\/div><div id=\"faq-Ya-t-ildesfraisassocislrsquoinscriptionvoscours\" class=\"arconix-faq-accordion-content\"><p>L&rsquo;inscription d\u00e9pend de la formalisation d&rsquo;un paiement qui varie d&rsquo;un cours \u00e0 l&rsquo;autre.<\/p>\n<\/div><\/div><br \/><div class=\"arconix-faq-accordion-wrap\"><div id=\"faq-161937\" class=\"arconix-faq-accordion-title\">Les cours donnent-ils une \u00e9quivalence avec la 12e ann\u00e9e?<\/div><div id=\"faq-Lescoursdonnent-ilsunequivalenceavecla12eanne\" class=\"arconix-faq-accordion-content\"><p>Pour terminer la 12\u00e8me ann\u00e9e, vous avez \u00e0 votre disposition la Formation Modulaire de Compl\u00e9ment de 12\u00e8me ann\u00e9e que vous pouvez suivre en quelques mois, enti\u00e8rement en ligne et sans avoir besoin de passer des examens nationaux.<\/p>\n<\/div><\/div><br \/><div class=\"arconix-faq-accordion-wrap\"><div id=\"faq-161936\" class=\"arconix-faq-accordion-title\">Vos cours sont-ils financ\u00e9s?<\/div><div id=\"faq-Voscourssont-ilsfinancs\" class=\"arconix-faq-accordion-content\"><p>No<\/p>\n<\/div><\/div><\/p>\t\t\t\t\t\t\t\t<\/div>\n\t\t\t\t<\/div>\n\t\t\t\t\t<\/div>\n\t\t<\/div>\n\t\t\t\t\t<\/div>\n\t\t<\/section>\n\t\t\t\t<section class=\"elementor-section elementor-top-section elementor-element elementor-element-d8653e5 elementor-section-boxed elementor-section-height-default elementor-section-height-default\" data-id=\"d8653e5\" data-element_type=\"section\" data-e-type=\"section\">\n\t\t\t\t\t\t<div class=\"elementor-container elementor-column-gap-default\">\n\t\t\t\t\t<div class=\"elementor-column elementor-col-100 elementor-top-column elementor-element elementor-element-fee6ed3\" data-id=\"fee6ed3\" data-element_type=\"column\" data-e-type=\"column\">\n\t\t\t<div class=\"elementor-widget-wrap elementor-element-populated\">\n\t\t\t\t\t\t<div class=\"elementor-element elementor-element-716e8aa elementor-widget elementor-widget-text-editor\" data-id=\"716e8aa\" data-element_type=\"widget\" data-e-type=\"widget\" data-widget_type=\"text-editor.default\">\n\t\t\t\t<div class=\"elementor-widget-container\">\n\t\t\t\t\t\t\t\t\t<div class=\"thim-contact-faqs text-center\"><h4>N\u00e3o encontrou a resposta?<\/h4><p>\n<div class=\"wpcf7 no-js\" id=\"wpcf7-f161583-o1\" lang=\"fr-FR\" dir=\"ltr\" data-wpcf7-id=\"161583\">\n<div class=\"screen-reader-response\"><p role=\"status\" aria-live=\"polite\" aria-atomic=\"true\"><\/p> <ul><\/ul><\/div>\n<form action=\"\/fr\/wp-json\/wp\/v2\/pages\/158271#wpcf7-f161583-o1\" method=\"post\" class=\"wpcf7-form init\" aria-label=\"Formulaire de contact\" novalidate=\"novalidate\" data-status=\"init\">\n<fieldset class=\"hidden-fields-container\"><input type=\"hidden\" name=\"_wpcf7\" value=\"161583\" \/><input type=\"hidden\" name=\"_wpcf7_version\" value=\"6.1.5\" \/><input type=\"hidden\" name=\"_wpcf7_locale\" value=\"fr_FR\" \/><input type=\"hidden\" name=\"_wpcf7_unit_tag\" value=\"wpcf7-f161583-o1\" \/><input type=\"hidden\" name=\"_wpcf7_container_post\" value=\"0\" \/><input type=\"hidden\" name=\"_wpcf7_posted_data_hash\" value=\"\" \/><input type=\"hidden\" name=\"_wpcf7dtx_version\" value=\"5.0.5\" \/><input type=\"hidden\" name=\"_extcf7_conditional_options\" value=\"{&quot;form_id&quot;:161583,&quot;conditions&quot;:[]}\" \/><input type=\"hidden\" name=\"_extcf7_redirect_options\" value=\"{&quot;form_id&quot;:161583,&quot;redirect_options&quot;:{&quot;redirection_enable&quot;:&quot;off&quot;,&quot;custom_url_enable&quot;:&quot;off&quot;,&quot;redirect_page&quot;:&quot;&quot;,&quot;custom_urle&quot;:&quot;&quot;,&quot;redirect_new_tab&quot;:&quot;off&quot;,&quot;js_action&quot;:&quot;off&quot;,&quot;javascript_code&quot;:&quot;&quot;}}\" \/><input type=\"hidden\" name=\"_wpcf7_recaptcha_response\" value=\"\" \/>\n<\/fieldset>\n<p><span class=\"wpcf7-form-control-wrap\" data-name=\"nome-contact\"><input size=\"40\" maxlength=\"400\" class=\"wpcf7-form-control wpcf7-text wpcf7-validates-as-required\" aria-required=\"true\" aria-invalid=\"false\" placeholder=\"Nom et surnom:*\" value=\"\" type=\"text\" name=\"nome-contact\" \/><\/span>\n<\/p>\n<p><span class=\"wpcf7-form-control-wrap\" data-name=\"email-contact\"><input size=\"40\" maxlength=\"400\" class=\"wpcf7-form-control wpcf7-email wpcf7-validates-as-required wpcf7-text wpcf7-validates-as-email\" aria-required=\"true\" aria-invalid=\"false\" placeholder=\"E-mail:*\" value=\"\" type=\"email\" name=\"email-contact\" \/><\/span>\n<\/p>\n<p><span class=\"wpcf7-form-control-wrap\" data-name=\"telefone-contact\"><input size=\"40\" maxlength=\"400\" class=\"wpcf7-form-control wpcf7-tel wpcf7-validates-as-required wpcf7-text wpcf7-validates-as-tel\" aria-required=\"true\" aria-invalid=\"false\" placeholder=\"T\u00e9l\u00e9phone:*\" value=\"\" type=\"tel\" name=\"telefone-contact\" \/><\/span>\n<\/p>\n<p><span class=\"wpcf7-form-control-wrap\" data-name=\"assunto-contact\"><input size=\"40\" maxlength=\"400\" class=\"wpcf7-form-control wpcf7-text wpcf7-validates-as-required\" aria-required=\"true\" aria-invalid=\"false\" placeholder=\"Sujet:*\" value=\"\" type=\"text\" name=\"assunto-contact\" \/><\/span>\n<\/p>\n<p><span class=\"wpcf7-form-control-wrap\" data-name=\"mensagem-contact\"><textarea cols=\"40\" rows=\"10\" maxlength=\"2000\" class=\"wpcf7-form-control wpcf7-textarea wpcf7-validates-as-required\" aria-required=\"true\" aria-invalid=\"false\" placeholder=\"\u00c9crivez ici votre message:*\" name=\"mensagem-contact\"><\/textarea><\/span>\n<\/p>\n<p><span class=\"wpcf7-form-control-wrap\" data-name=\"acceptance-650\"><span class=\"wpcf7-form-control wpcf7-acceptance\"><span class=\"wpcf7-list-item\"><label><input type=\"checkbox\" name=\"acceptance-650\" value=\"1\" aria-invalid=\"false\" \/><span class=\"wpcf7-list-item-label\">J&rsquo;ai lu et accept\u00e9 la politique de confidentialit\u00e9<\/span><\/label><\/span><\/span><\/span><br \/>\n<input class=\"wpcf7-form-control wpcf7-submit has-spinner\" type=\"submit\" value=\"Envoyer\" \/>\n<\/p><div class=\"wpcf7-response-output\" aria-hidden=\"true\"><\/div>\n<\/form>\n<\/div>\n<\/p><\/div>\t\t\t\t\t\t\t\t<\/div>\n\t\t\t\t<\/div>\n\t\t\t\t\t<\/div>\n\t\t<\/div>\n\t\t\t\t\t<\/div>\n\t\t<\/section>\n\t\t\t\t<\/div>\n\t\t","protected":false},"excerpt":{"rendered":"<p>Questions courantes Nous r\u00e9pondons \u00e0 toutes vos questions N\u00e3o encontrou a resposta?<\/p>\n","protected":false},"author":4,"featured_media":0,"parent":0,"menu_order":0,"comment_status":"closed","ping_status":"open","template":"","meta":{"footnotes":""},"class_list":["post-158271","page","type-page","status-publish","hentry"],"yoast_head":"<!-- This site is optimized with the Yoast SEO plugin v27.6 - https:\/\/yoast.com\/product\/yoast-seo-wordpress\/ -->\n<title>Questions courantes - Do It Better!<\/title>\n<meta name=\"robots\" content=\"index, follow, max-snippet:-1, max-image-preview:large, max-video-preview:-1\" \/>\n<link rel=\"canonical\" href=\"https:\/\/dibsite.sa-server.com\/fr\/questions-courantes\/\" \/>\n<meta property=\"og:locale\" content=\"fr_FR\" \/>\n<meta property=\"og:type\" content=\"article\" \/>\n<meta property=\"og:title\" content=\"Questions courantes - Do It Better!\" \/>\n<meta property=\"og:description\" content=\"Questions courantes Nous r\u00e9pondons \u00e0 toutes vos questions N\u00e3o encontrou a resposta?\" \/>\n<meta property=\"og:url\" content=\"https:\/\/dibsite.sa-server.com\/fr\/questions-courantes\/\" \/>\n<meta property=\"og:site_name\" content=\"Do It Better!\" \/>\n<meta property=\"article:publisher\" content=\"https:\/\/www.facebook.com\/doitbetter.pt\" \/>\n<meta property=\"article:modified_time\" content=\"2024-04-19T14:55:35+00:00\" \/>\n<meta property=\"og:image\" content=\"https:\/\/dibsite.sa-server.com\/wp-content\/uploads\/2020\/12\/cropped-icone.png\" \/>\n\t<meta property=\"og:image:width\" content=\"512\" \/>\n\t<meta property=\"og:image:height\" content=\"512\" \/>\n\t<meta property=\"og:image:type\" content=\"image\/png\" \/>\n<meta name=\"twitter:card\" content=\"summary_large_image\" \/>\n<script type=\"application\/ld+json\" class=\"yoast-schema-graph\">{\"@context\":\"https:\\\/\\\/schema.org\",\"@graph\":[{\"@type\":\"WebPage\",\"@id\":\"https:\\\/\\\/dibsite.sa-server.com\\\/fr\\\/questions-courantes\\\/\",\"url\":\"https:\\\/\\\/dibsite.sa-server.com\\\/fr\\\/questions-courantes\\\/\",\"name\":\"Questions courantes - Do It Better!\",\"isPartOf\":{\"@id\":\"https:\\\/\\\/dibsite.sa-server.com\\\/fr\\\/#website\"},\"datePublished\":\"2024-03-18T18:17:48+00:00\",\"dateModified\":\"2024-04-19T14:55:35+00:00\",\"breadcrumb\":{\"@id\":\"https:\\\/\\\/dibsite.sa-server.com\\\/fr\\\/questions-courantes\\\/#breadcrumb\"},\"inLanguage\":\"fr-FR\",\"potentialAction\":[{\"@type\":\"ReadAction\",\"target\":[\"https:\\\/\\\/dibsite.sa-server.com\\\/fr\\\/questions-courantes\\\/\"]}]},{\"@type\":\"BreadcrumbList\",\"@id\":\"https:\\\/\\\/dibsite.sa-server.com\\\/fr\\\/questions-courantes\\\/#breadcrumb\",\"itemListElement\":[{\"@type\":\"ListItem\",\"position\":1,\"name\":\"In\u00edcio\",\"item\":\"https:\\\/\\\/dibsite.sa-server.com\\\/fr\\\/\"},{\"@type\":\"ListItem\",\"position\":2,\"name\":\"Questions courantes\"}]},{\"@type\":\"WebSite\",\"@id\":\"https:\\\/\\\/dibsite.sa-server.com\\\/fr\\\/#website\",\"url\":\"https:\\\/\\\/dibsite.sa-server.com\\\/fr\\\/\",\"name\":\"Do It Better!\",\"description\":\"Forma\u00e7\u00e3o Certificada\",\"publisher\":{\"@id\":\"https:\\\/\\\/dibsite.sa-server.com\\\/fr\\\/#organization\"},\"potentialAction\":[{\"@type\":\"SearchAction\",\"target\":{\"@type\":\"EntryPoint\",\"urlTemplate\":\"https:\\\/\\\/dibsite.sa-server.com\\\/fr\\\/?s={search_term_string}\"},\"query-input\":{\"@type\":\"PropertyValueSpecification\",\"valueRequired\":true,\"valueName\":\"search_term_string\"}}],\"inLanguage\":\"fr-FR\"},{\"@type\":\"Organization\",\"@id\":\"https:\\\/\\\/dibsite.sa-server.com\\\/fr\\\/#organization\",\"name\":\"Do It Better - Centro de Forma\u00e7\u00e3o Profissional\",\"url\":\"https:\\\/\\\/dibsite.sa-server.com\\\/fr\\\/\",\"logo\":{\"@type\":\"ImageObject\",\"inLanguage\":\"fr-FR\",\"@id\":\"https:\\\/\\\/dibsite.sa-server.com\\\/fr\\\/#\\\/schema\\\/logo\\\/image\\\/\",\"url\":\"https:\\\/\\\/doitbetter.pt\\\/wp-content\\\/uploads\\\/2021\\\/03\\\/Logo-Assinatura.png\",\"contentUrl\":\"https:\\\/\\\/doitbetter.pt\\\/wp-content\\\/uploads\\\/2021\\\/03\\\/Logo-Assinatura.png\",\"width\":155,\"height\":54,\"caption\":\"Do It Better - Centro de Forma\u00e7\u00e3o Profissional\"},\"image\":{\"@id\":\"https:\\\/\\\/dibsite.sa-server.com\\\/fr\\\/#\\\/schema\\\/logo\\\/image\\\/\"},\"sameAs\":[\"https:\\\/\\\/www.facebook.com\\\/doitbetter.pt\"]}]}<\/script>\n<!-- \/ Yoast SEO plugin. -->","yoast_head_json":{"title":"Questions courantes - Do It Better!","robots":{"index":"index","follow":"follow","max-snippet":"max-snippet:-1","max-image-preview":"max-image-preview:large","max-video-preview":"max-video-preview:-1"},"canonical":"https:\/\/dibsite.sa-server.com\/fr\/questions-courantes\/","og_locale":"fr_FR","og_type":"article","og_title":"Questions courantes - Do It Better!","og_description":"Questions courantes Nous r\u00e9pondons \u00e0 toutes vos questions N\u00e3o encontrou a resposta?","og_url":"https:\/\/dibsite.sa-server.com\/fr\/questions-courantes\/","og_site_name":"Do It Better!","article_publisher":"https:\/\/www.facebook.com\/doitbetter.pt","article_modified_time":"2024-04-19T14:55:35+00:00","og_image":[{"width":512,"height":512,"url":"https:\/\/dibsite.sa-server.com\/wp-content\/uploads\/2020\/12\/cropped-icone.png","type":"image\/png"}],"twitter_card":"summary_large_image","schema":{"@context":"https:\/\/schema.org","@graph":[{"@type":"WebPage","@id":"https:\/\/dibsite.sa-server.com\/fr\/questions-courantes\/","url":"https:\/\/dibsite.sa-server.com\/fr\/questions-courantes\/","name":"Questions courantes - Do It Better!","isPartOf":{"@id":"https:\/\/dibsite.sa-server.com\/fr\/#website"},"datePublished":"2024-03-18T18:17:48+00:00","dateModified":"2024-04-19T14:55:35+00:00","breadcrumb":{"@id":"https:\/\/dibsite.sa-server.com\/fr\/questions-courantes\/#breadcrumb"},"inLanguage":"fr-FR","potentialAction":[{"@type":"ReadAction","target":["https:\/\/dibsite.sa-server.com\/fr\/questions-courantes\/"]}]},{"@type":"BreadcrumbList","@id":"https:\/\/dibsite.sa-server.com\/fr\/questions-courantes\/#breadcrumb","itemListElement":[{"@type":"ListItem","position":1,"name":"In\u00edcio","item":"https:\/\/dibsite.sa-server.com\/fr\/"},{"@type":"ListItem","position":2,"name":"Questions courantes"}]},{"@type":"WebSite","@id":"https:\/\/dibsite.sa-server.com\/fr\/#website","url":"https:\/\/dibsite.sa-server.com\/fr\/","name":"Do It Better!","description":"Forma\u00e7\u00e3o Certificada","publisher":{"@id":"https:\/\/dibsite.sa-server.com\/fr\/#organization"},"potentialAction":[{"@type":"SearchAction","target":{"@type":"EntryPoint","urlTemplate":"https:\/\/dibsite.sa-server.com\/fr\/?s={search_term_string}"},"query-input":{"@type":"PropertyValueSpecification","valueRequired":true,"valueName":"search_term_string"}}],"inLanguage":"fr-FR"},{"@type":"Organization","@id":"https:\/\/dibsite.sa-server.com\/fr\/#organization","name":"Do It Better - Centro de Forma\u00e7\u00e3o Profissional","url":"https:\/\/dibsite.sa-server.com\/fr\/","logo":{"@type":"ImageObject","inLanguage":"fr-FR","@id":"https:\/\/dibsite.sa-server.com\/fr\/#\/schema\/logo\/image\/","url":"https:\/\/doitbetter.pt\/wp-content\/uploads\/2021\/03\/Logo-Assinatura.png","contentUrl":"https:\/\/doitbetter.pt\/wp-content\/uploads\/2021\/03\/Logo-Assinatura.png","width":155,"height":54,"caption":"Do It Better - Centro de Forma\u00e7\u00e3o Profissional"},"image":{"@id":"https:\/\/dibsite.sa-server.com\/fr\/#\/schema\/logo\/image\/"},"sameAs":["https:\/\/www.facebook.com\/doitbetter.pt"]}]}},"_links":{"self":[{"href":"https:\/\/dibsite.sa-server.com\/fr\/wp-json\/wp\/v2\/pages\/158271","targetHints":{"allow":["GET"]}}],"collection":[{"href":"https:\/\/dibsite.sa-server.com\/fr\/wp-json\/wp\/v2\/pages"}],"about":[{"href":"https:\/\/dibsite.sa-server.com\/fr\/wp-json\/wp\/v2\/types\/page"}],"author":[{"embeddable":true,"href":"https:\/\/dibsite.sa-server.com\/fr\/wp-json\/wp\/v2\/users\/4"}],"replies":[{"embeddable":true,"href":"https:\/\/dibsite.sa-server.com\/fr\/wp-json\/wp\/v2\/comments?post=158271"}],"version-history":[{"count":10,"href":"https:\/\/dibsite.sa-server.com\/fr\/wp-json\/wp\/v2\/pages\/158271\/revisions"}],"predecessor-version":[{"id":161956,"href":"https:\/\/dibsite.sa-server.com\/fr\/wp-json\/wp\/v2\/pages\/158271\/revisions\/161956"}],"wp:attachment":[{"href":"https:\/\/dibsite.sa-server.com\/fr\/wp-json\/wp\/v2\/media?parent=158271"}],"curies":[{"name":"wp","href":"https:\/\/api.w.org\/{rel}","templated":true}]}}